{"id":1092,"date":"2013-10-30T09:07:52","date_gmt":"2013-10-30T06:07:52","guid":{"rendered":"http:\/\/www.actascenica.teak.fi\/lahdenpera_soile\/?page_id=1092"},"modified":"2013-11-27T13:13:38","modified_gmt":"2013-11-27T10:13:38","slug":"tutkimusaineisto","status":"publish","type":"page","link":"https:\/\/actascenica.teak.fi\/lahdenpera_soile\/tutkimusaineisto\/","title":{"rendered":"Tutkimusaineisto"},"content":{"rendered":"<h2>Arkistol&auml;hteet ja kirjeet<\/h2>\n<p>Lahdenper&auml;n yksityisarkisto.<\/p>\n<p>Convertito, Giorgio. 28.11.2006. S&auml;hk&ouml;postihaastattelu. Haastattelija Soile Lahdenper&auml;.<\/p>\n<p>Hay, Deborah. 11.8.2004. Kirje Solo <em>Performance Commissioning Projectiin<\/em> 2004 osallistujille.<\/p>\n<p>Hay, Deborah. 8.8.2010, haastattelu. Haastattelija Soile Lahdenper&auml;.<\/p>\n<p>Hukkinen, Ville. 5.7.2004. S&auml;hk&ouml;postihaastattelu. Haastattelija Soile Lahdenper&auml;.<\/p>\n<p>Innanen, Riikka Theresa. 28.8.2004. S&auml;hk&ouml;postihaastattelu. Haastattelija Soile Lahdenper&auml;.<\/p>\n<p>Innanen, Riikka Theresa. 26.9.2006. Kirjalliset vastaukset. Haastattelija Soile Lahdenper&auml;.<\/p>\n<p>Lehtovaara, Veli. 21.11.2006. S&auml;hk&ouml;postihaastattelu. Haastattelija Soile Lahdenper&auml;.<\/p>\n<p>Rissanen, P&auml;ivi. 14.8.2004. S&auml;hk&ouml;postihaastattelu. Haastattelija Soile Lahdenper&auml;.<\/p>\n<p>Viitam&auml;ki, Nina. 20.11.2006. S&auml;hk&ouml;postihaastattelu. Haastattelija Soile Lahdenper&auml;.<\/p>\n<h2>Ty&ouml;p&auml;iv&auml;kirjat ja k&auml;siohjelmat<\/h2>\n<p>Harjoitusp&auml;iv&auml;kirjoista on sek&auml; k&auml;sinkirjoitetut alkuper&auml;iskappaleet ett&auml; niist&auml; word-tiedostoiksi kirjoitetut versiot, joihin sivum&auml;&auml;r&auml;t perustuvat. Lahdenper&auml;n yksityisarkisto.<\/p>\n<p>Lahdenper&auml;, Soile. <em>Aava<\/em>-ty&ouml;p&auml;iv&auml;kirja 12.5.2003&ndash;5.3.2004.<\/p>\n<p>Lahdenper&auml;, Soile. <em>The Ridge<\/em> -ty&ouml;p&auml;iv&auml;kirja 1.9.2004&ndash;9.10.2011.<\/p>\n<p>Lahdenper&auml;, Soile. <em>Hetken koreografiaa<\/em> projektin -ty&ouml;p&auml;iv&auml;kirja 30.1.2004&ndash;25.8.2005.<\/p>\n<p>Lahdenper&auml;, Soile. <em>V&auml;lit&ouml;n tila &ndash; hetken koreografiaa<\/em> -esityksen k&auml;siohjelma 9.&ndash;13.6.2004.<\/p>\n<p>Lahdenper&auml;, Soile. <em>NYT &ndash; hetken koreografiaa <\/em>-esityksen k&auml;siohjelma 19.&ndash;25.8.2005.<\/p>\n<p>Lahdenper&auml;, Soile. <em>Myrskyn ja my&ouml;t&auml;tuulen terraarion<\/em> ty&ouml;p&auml;iv&auml;kirja 27.2.&ndash;9.11.2006.<\/p>\n<p>Lahdenper&auml;, Soile. <em>Myrskyn ja my&ouml;t&auml;tuulen terraario<\/em> -esityksen k&auml;siohjelma 8.&ndash;24.9.2006.<\/p>\n<p>Lahdenper&auml;, Soile. 2010. <em>Dr&oacute;mos &ndash; liikkeen j&auml;lki<\/em> -esityksen k&auml;siohjelma.<\/p>\n<h2>Videoaineisto<\/h2>\n<p>Tutkimuksen taiteellisten t&ouml;iden videotaltioinnit olen luetteloinut teoskohtaisesti. Olen toiminut itse kuvaajana ellei toisin mainita.<\/p>\n<h3>Aava<\/h3>\n<p>Videotallenteet harjoituksista on taltioitu 8mm kaseteille:<\/p>\n<ul><li>I nauha 19.9. <b>49 min<\/b> ja 30.9.2003, <b>10 min<\/b>. Sis&auml;lt&auml;&auml; mm. duettoty&ouml;skentely&auml; teemoina selk&auml;ranka, painon luovutus parille, liikkumisen selostaminen sek&auml; keskustelua.<\/li>\n<li>II nauha 30.9. <b>44 min<\/b> ja 7.10.2003, <b>45 min<\/b>. Sis&auml;lt&auml;&auml; mm. katsottavana olemisen reaktioita, puhuminen liikkuessa, 1. l&auml;pimeno ja keskustelua.<\/li>\n<li>III nauha 14.10. <b>60 min<\/b> ja 15.10.2003, <b>40 min<\/b>. Sis&auml;lt&auml;&auml; mm. soittajan ja tanssijan kontaktity&ouml;t&auml;, soolo, duetto ja trio ty&ouml;skentely&auml; ja keskustelua.<\/li>\n<li>IV nauha 15.10. <b>25 min<\/b>, 23.10. <b>35 min<\/b> ja 30.10.2003, <b>40 min<\/b>. Sis&auml;lt&auml;&auml; mm. trio &rdquo;miss&auml; tuntuu&rdquo;, tilaimprovisaatio, lattiatason materiaalia ja keskustelua.<\/li>\n<li>V nauha 30.10. <b>40 min<\/b> ja 4.11.2003, <b>20 min<\/b>. Sis&auml;lt&auml;&auml; mm. materiaalin l&auml;pimenoa.<\/li>\n<li>VI nauha 4.11. <b>16 min<\/b> ja 7.11.2003, <b>44 min<\/b>. Sis&auml;lt&auml;&auml; l&auml;pimenoja.<\/li>\n<\/ul><p>Videotaltioinnit kenraaliharjoituksesta 16.11.2003, ensi-illasta 18.11.2003 ja esityksest&auml; 28.11.2003 on kuvattu digitaalisille mini DV nauhoille. Kuvaaja Riikka Theresa Innanen:<\/p>\n<ul><li>VII nauha 16.11.2003, <b>56 min<\/b>. Kenraaliharjoitus, Zodiak &ndash; Uuden tanssin keskus, Helsinki.<\/li>\n<li>VIII nauha 18.11.2003, <b>60 min<\/b>. Ensi-ilta, Zodiak &ndash; Uuden tanssin keskus, Helsinki.<\/li>\n<li>IX nauha 28.11.2003, <b>50 min<\/b>. 7\/9 esitys. Sama esityspaikka.<\/li>\n<\/ul><p>Kaikki <em>Aava<\/em>-teoksen videomateriaali on Lahdenper&auml;n yksityisarkistossa.<\/p>\n<h3>The Ridge<\/h3>\n<p>Esitystaltioinnit on kuvattu Mini DV kaseteille. Esitykset ovat noin 20 min pitki&auml;, ellei toisin mainita:<\/p>\n<ul><li>I ja II nauha 18. ja 19.3.2005, Zodiakin n&auml;ytt&auml;m&ouml;, Kaapelitehdas, Helsinki.<\/li>\n<li>III nauha 2.&ndash;4.5.2005, Barker teatteri, Turku.<\/li>\n<li>IV nauha 21.7.2006, Est&uacute;dio Nova Danca, Sao Paulo, Brazil.<\/li>\n<li>V nauha 14.12.2007, <b>n. 10 min<\/b>. Kulttuurin tutkimuksen p&auml;iv&auml;t, Joensuu.<\/li>\n<\/ul><p>Kaikki <em>The Ridge <\/em>-teoksen videomateriaali on Lahdenper&auml;n yksityisarkistossa.<\/p>\n<h3>Hetken koreografiaa &ndash; kaksiosainen prosessi<\/h3>\n<p>Esitystaltioinnit on kuvattu Mini DV kaseteille:<\/p>\n<ul><li>I nauha 10.6.2004, <b>66 min<\/b>. <em>V&auml;lit&ouml;n tila &ndash; hetken koreografiaa<\/em>, Taidemuseo Meilahti, Helsinki. Kuvaaja Janne (museon henkil&ouml;kuntaa). Lahdenper&auml;n yksityisarkisto.<\/li>\n<li>II nauha 13.6.2004, <b>67 min<\/b>. <em>V&auml;lit&ouml;n tila &ndash; hetken koreografiaa<\/em>, Taidemuseo Meilahti, Helsinki. Kuvaaja Giorgio Convertito. Lahdenper&auml;n yksityisarkisto.<\/li>\n<li>III nauha 24.8.2005, <b>56 min<\/b>. <em>NYT &ndash; hetken koreografiaa<\/em>, Taidemuseo Tennispalatsi, Helsinki. Kuvaaja Kari &rdquo;Ufo&rdquo; Tossavainen.&nbsp;Teatterikorkeakoulun videoarkisto.<\/li>\n<\/ul><h3>Myrskyn ja my&ouml;t&auml;tuulen terraario<\/h3>\n<p>Videotaltioinnit harjoituksista ja esityksist&auml; on kuvattu Mini DV kaseteille:<\/p>\n<ul><li>I nauha 5.5.2006, <b>92 min<\/b>. Sis&auml;lt&auml;&auml; mm. duettoty&ouml;skentely&auml; teemalla kohti ja pois toisesta, kannustusta Alexander-tekniikan k&auml;ytt&auml;miseen tanssiessa ja tila- ja esineharjoitus. Keskustelua ohjauspuheeni vaikutuksesta, tekemiseen \/ tanssimiseen antautumisesta ja harjoitusmenetelmist&auml;.<\/li>\n<li>II nauha 29.5.2006, <b>55 min<\/b>. Sis&auml;lt&auml;&auml; mm. duettoharjoituksia keskittyen; voiman k&auml;ytt&ouml;&ouml;n, reaktioihin, kosketuksen laatuun.<\/li>\n<li>III nauha 30.5.2006, <b>46 min<\/b>. Sis&auml;lt&auml;&auml; kokeiluja sohvalla ja sohvan kanssa ty&ouml;skentelyst&auml;.<\/li>\n<li>IV nauha 31.5. <b>31 min<\/b> ja 1.6.2006 <b>25 min<\/b>. Sis&auml;lt&auml;&auml; duettoja sohvalla ja oman kehon painon luovutus parille sataprosenttisesti.<\/li>\n<li>V nauha 2.6.2006, <b>60 min<\/b>. Sis&auml;lt&auml;&auml; Kontakti-improvisaatio duettoja.<\/li>\n<li>VI nauha 2.6. <b>14 min <\/b>ja 8.6.2006<b> 20 min<\/b>. Sis&auml;lt&auml;&auml; ryhm&auml;improvisaation rakenteella; k&auml;vely, juoksu ja kohtaaminen sek&auml; keskustelua harjoituksesta. 8.6. harjoitus on Ninan sooloty&ouml;skentely&auml;.<\/li>\n<li>VII nauha 14.8.2006, <b>60 min<\/b>. Sis&auml;lt&auml;&auml; duetto ja trio harjoituksia sek&auml; avoimella rakenteella improvisointia.<\/li>\n<li>VII nauha 16.8.2006, <b>60 min<\/b>. Sis&auml;lt&auml;&auml; kaksi puolen tunnin improvisaatiota. Esitystilassa on jo sohva, matot ja pahvilaatikoita. &Auml;&auml;nisuunnittelija ja valosuunnittelija tekev&auml;t kokeiluja.<\/li>\n<li>IX nauha 17.8.2006, <b>60 min<\/b>. Sis&auml;lt&auml;&auml; kaksi noin puolentunnin avoimella rakenteella improvisointia. &Auml;&auml;nisuunnittelija tekee kitaransoiton ja nauhoitetunmateriaalin kokeilua.<\/li>\n<li>X nauha 22.8.2006, <b>60 min<\/b>. Sis&auml;lt&auml;&auml; ensimm&auml;isen pitk&auml;n yhten&auml;isen 52 minuutin koreografian ja sen j&auml;lkeist&auml; keskustelua rakenteesta.<\/li>\n<li>XI nauha 23.8.2006, <b>50 min<\/b>. Sis&auml;lt&auml;&auml; 39 minuutin koreografian ja keskustelua musiikista, energiasta, riskinotosta ja spontaaniudesta.<\/li>\n<li>XII nauha 24.8.2006, <b>60 min<\/b>. Sis&auml;lt&auml;&auml; yleis&ouml;lle avoimen harjoituksen Zodiakin C4 harjoitustilassa. Koreografia on 39 min ja sen j&auml;lkeen yleis&ouml;keskustelua.<\/li>\n<li>XIII nauha 28.8.2006, <b>60 min<\/b>. Sis&auml;lt&auml;&auml; 55 minuutin koreografian ja sen j&auml;lkeist&auml; keskustelua mm. lopetuksesta ja l&auml;sn&auml;olosta.<\/li>\n<li>XIV nauha 29.8.2006, <b>60 min<\/b>. Sis&auml;lt&auml;&auml; 38 minuutin koreografian ja keskustelua mm. ty&ouml;tavoista harjoituksia seuranneiden Sibelius-lukion oppilaiden kanssa.<\/li>\n<li>XV nauha 31.8.2006, <b>60 min<\/b>. Sis&auml;lt&auml;&auml; 46 minuutin koreografian ja keskustelua koeyleis&ouml;n kanssa mm. lavastuksesta, esineiden k&auml;yt&ouml;st&auml;, ty&ouml;skentelyst&auml;, rakenteesta ja katsojalle annettavasta ennakkoinformaatiosta.<\/li>\n<li>XVI nauha 5.9.2006, <b>60 min<\/b>. Sis&auml;lt&auml;&auml; 50 minuutin koreografian ja keskustelua koeyleis&ouml;n kanssa mm. musiikin pulssista, lopetuksesta ja k&auml;siohjelmasta.<\/li>\n<li>XVII nauha 6.9.2006, <b>60 min<\/b>. Sis&auml;lt&auml;&auml; 55 minuutin koreografian ja keskustelua koeyleis&ouml;n kanssa mm. tanssijoiden teht&auml;v&auml;st&auml; ja esityksess&auml; olemisesta sek&auml; naisten ja miesten v&auml;lisist&auml; kontakteista.<\/li>\n<li>XVIII nauha 7.9.2006, <b>52 min<\/b>. Sis&auml;lt&auml;&auml; kenraaliharjoituksen 49 minuuttia, jonka aikana valokuvaaja kuvaa.<\/li>\n<\/ul><p>Esitystaltioinnit 11 esityksest&auml; on kuvattu yhdell&auml; kameralla lukuun ottamatta 20.9.2006 esitys, joka on kuvattu kahdella kameralla:<\/p>\n<ul><li>XIX nauha ensi-illasta 8.9.2006, <b>50 min<\/b>.<\/li>\n<li>XX nauha 10.9.2006, <b>48 min<\/b>. Kuvannut Sari Antikainen.<\/li>\n<li>XXI nauha 11.9.2006, <b>53 min<\/b>.<\/li>\n<li>XXII nauha 12.9.2006, <b>54 min<\/b>. koreografia ja 5 minuuttia yleis&ouml;keskustelua.<\/li>\n<li>XXIII nauha 15.9.2006, <b>56 min<\/b>.<\/li>\n<li>XXIV nauha 17.9.2006, <b>52 min<\/b>. Kuvannut Sari Antikainen.<\/li>\n<li>XXV nauha 19.9.2006, <b>53 min<\/b>.<\/li>\n<li>XXVI nauha 20.9.2006, <b>53 min<\/b>. Kuvannut Sini Haapalinna.<\/li>\n<li>XXVII nauha 20.9.2006, <b>53 min<\/b>. Kuvannut Sini Haapalinna (still kamera).<\/li>\n<li>XXVIII nauha 22.9.2006, <b>55 min<\/b>.<\/li>\n<li>XXIV nauha 23.9.2006, <b>54 min<\/b>.<\/li>\n<li>XXV nauha 24.9.2006, <b>57 min<\/b>.<\/li>\n<\/ul><p>Kaikki <em>Terraario-<\/em>teoksen videomateriaali on Lahdenper&auml;n yksityisarkistossa.<\/p>\n<h3>Taideteokset<\/h3>\n<p>Kaikki alla mainitut taideteokset n&auml;kyv&auml;t <em>Hetken koreografiaa<\/em> -esitysten videotaltioinneissa.<\/p>\n<p>Chen Chieh-jen. 2000. <em>Twelve Karmas Under the City: Rebirth I and Rebirth II<\/em>. Cibachrome photograph. <em>A Strange Heaven<\/em>. 2003. Editor Susan Acret. Asian Art Archive, Hong Kong.<\/p>\n<p>Hai Bo. 2002. <em>Love. Bridge<\/em>. Sepia and colour photograph. <em>A Strange Heaven<\/em>. 2003. Editor Susan Acret. Asian Art Archive, Hong Kong.<\/p>\n<p>Vellonen, Seija. 2001&ndash;2002. <em>Ruusun tie<\/em>. <em>Paratiisin puutarha<\/em> -n&auml;yttely. 2004. Helsingin taidemuseo Meilahti.<\/p>\n<p>Weng Fen. 2001&ndash;2002. <em>Great Family Aspirations<\/em>. Digital colour photographs. <em>A Strange Heaven<\/em>. 2003. Editor Susan Acret. Asian Art Archive, Hong Kong.<\/p>\n<p>Yuan Goang-ming. 2002. <em>City Disqualified: Ximen by Day<\/em>. Digital colour photograph. <em>A Strange Heaven.<\/em> 2003. Editor Susan Acret. Asian Art Archive, Hong Kong.<\/p>","protected":false},"excerpt":{"rendered":"<p>Arkistol\u00e4hteet ja kirjeet Lahdenper\u00e4n yksityisarkisto. Convertito, Giorgio. 28.11.2006. S\u00e4hk\u00f6postihaastattelu. Haastattelija Soile Lahdenper\u00e4. Hay, Deborah. 11.8.2004. Kirje Solo Performance Commissioning Projectiin 2004 osallistujille. Hay, Deborah. 8.8.2010, haastattelu. Haastattelija Soile Lahdenper\u00e4. Hukkinen, Ville. 5.7.2004. S\u00e4hk\u00f6postihaastattelu. Haastattelija Soile Lahdenper\u00e4. Innanen, Riikka Theresa. 28.8.2004. S\u00e4hk\u00f6postihaastattelu. Haastattelija Soile Lahdenper\u00e4. Innanen, Riikka Theresa. 26.9.2006. Kirjalliset vastaukset. Haastattelija Soile Lahdenper\u00e4. Lehtovaara, Veli. [&#8230;]<\/p>\n","protected":false},"author":2,"featured_media":0,"parent":0,"menu_order":7,"comment_status":"open","ping_status":"closed","template":"","meta":[],"_links":{"self":[{"href":"https:\/\/actascenica.teak.fi\/lahdenpera_soile\/wp-json\/wp\/v2\/pages\/1092"}],"collection":[{"href":"https:\/\/actascenica.teak.fi\/lahdenpera_soile\/wp-json\/wp\/v2\/pages"}],"about":[{"href":"https:\/\/actascenica.teak.fi\/lahdenpera_soile\/wp-json\/wp\/v2\/types\/page"}],"author":[{"embeddable":true,"href":"https:\/\/actascenica.teak.fi\/lahdenpera_soile\/wp-json\/wp\/v2\/users\/2"}],"replies":[{"embeddable":true,"href":"https:\/\/actascenica.teak.fi\/lahdenpera_soile\/wp-json\/wp\/v2\/comments?post=1092"}],"version-history":[{"count":13,"href":"https:\/\/actascenica.teak.fi\/lahdenpera_soile\/wp-json\/wp\/v2\/pages\/1092\/revisions"}],"predecessor-version":[{"id":1778,"href":"https:\/\/actascenica.teak.fi\/lahdenpera_soile\/wp-json\/wp\/v2\/pages\/1092\/revisions\/1778"}],"wp:attachment":[{"href":"https:\/\/actascenica.teak.fi\/lahdenpera_soile\/wp-json\/wp\/v2\/media?parent=1092"}],"curies":[{"name":"wp","href":"https:\/\/api.w.org\/{rel}","templated":true}]}}