{"id":1142,"date":"2013-11-01T16:41:09","date_gmt":"2013-11-01T13:41:09","guid":{"rendered":"http:\/\/www.actascenica.teak.fi\/lahdenpera_soile\/?page_id=1142"},"modified":"2013-12-17T12:30:47","modified_gmt":"2013-12-17T09:30:47","slug":"julkaisun-tiedot","status":"publish","type":"page","link":"https:\/\/actascenica.teak.fi\/lahdenpera_soile\/julkaisun-tiedot\/","title":{"rendered":"Julkaisun tiedot"},"content":{"rendered":"<h3>Julkaisija<\/h3>\n<p>Taideyliopiston Teatterikorkeakoulu, esitt&auml;vien taiteiden tutkimuskeskus<\/p>\n<h3><\/h3>\n<p><strong>&copy;<\/strong> Taideyliopiston&nbsp;Teatterikorkeakoulu, esitt&auml;vien taiteiden tutkimuskeskus&nbsp;ja Soile Lahdenper&auml;<\/p>\n<h3>Web Design<\/h3>\n<p>Sari Koskinen &amp; Outi Mansikkam&auml;ki, <a href=\"http:\/\/wrkshp.fi\" target=\"_blank\">wrkshp.fi<\/a><\/p>\n<h3>Kannen kuva<\/h3>\n<p>Johanna Tirronen, kuvassa Soile Lahdenper&auml;, <em>The Ridge<\/em> 2005.<\/p>\n<h3>ACTA SCENICA 36 2013<\/h3>\n<h3>ISBN&nbsp;978-952-6670-21-8<\/h3>\n<h3>ISSN 2242-6485<\/h3>\n<h3>URN:ISBN:978-952-6670-21-8<\/h3>\n<p>Julkaisun pysyv&auml; osoite on http:\/\/urn.fi\/urn:isbn:978-952-6670-21-8<\/p>","protected":false},"excerpt":{"rendered":"<p>Julkaisija Taideyliopiston Teatterikorkeakoulu, esitt\u00e4vien taiteiden tutkimuskeskus \u00a9 Taideyliopiston\u00a0Teatterikorkeakoulu, esitt\u00e4vien taiteiden tutkimuskeskus\u00a0ja Soile Lahdenper\u00e4 Web Design Sari Koskinen &amp; Outi Mansikkam\u00e4ki, wrkshp.fi Kannen kuva Johanna Tirronen, kuvassa Soile Lahdenper\u00e4, The Ridge 2005. ACTA SCENICA 36 2013 ISBN\u00a0978-952-6670-21-8 ISSN 2242-6485 URN:ISBN:978-952-6670-21-8 Julkaisun pysyv\u00e4 osoite on http:\/\/urn.fi\/urn:isbn:978-952-6670-21-8<\/p>\n","protected":false},"author":2,"featured_media":0,"parent":0,"menu_order":2,"comment_status":"open","ping_status":"open","template":"","meta":[],"_links":{"self":[{"href":"https:\/\/actascenica.teak.fi\/lahdenpera_soile\/wp-json\/wp\/v2\/pages\/1142"}],"collection":[{"href":"https:\/\/actascenica.teak.fi\/lahdenpera_soile\/wp-json\/wp\/v2\/pages"}],"about":[{"href":"https:\/\/actascenica.teak.fi\/lahdenpera_soile\/wp-json\/wp\/v2\/types\/page"}],"author":[{"embeddable":true,"href":"https:\/\/actascenica.teak.fi\/lahdenpera_soile\/wp-json\/wp\/v2\/users\/2"}],"replies":[{"embeddable":true,"href":"https:\/\/actascenica.teak.fi\/lahdenpera_soile\/wp-json\/wp\/v2\/comments?post=1142"}],"version-history":[{"count":36,"href":"https:\/\/actascenica.teak.fi\/lahdenpera_soile\/wp-json\/wp\/v2\/pages\/1142\/revisions"}],"predecessor-version":[{"id":1811,"href":"https:\/\/actascenica.teak.fi\/lahdenpera_soile\/wp-json\/wp\/v2\/pages\/1142\/revisions\/1811"}],"wp:attachment":[{"href":"https:\/\/actascenica.teak.fi\/lahdenpera_soile\/wp-json\/wp\/v2\/media?parent=1142"}],"curies":[{"name":"wp","href":"https:\/\/api.w.org\/{rel}","templated":true}]}}