{"id":1210,"date":"2013-11-18T11:21:22","date_gmt":"2013-11-18T08:21:22","guid":{"rendered":"http:\/\/www.actascenica.teak.fi\/lahdenpera_soile\/?page_id=1210"},"modified":"2013-11-18T20:08:24","modified_gmt":"2013-11-18T17:08:24","slug":"kiitokset","status":"publish","type":"page","link":"https:\/\/actascenica.teak.fi\/lahdenpera_soile\/kiitokset\/","title":{"rendered":"Kiitokset"},"content":{"rendered":"<p>Paljon on eletty&auml; el&auml;m&auml;&auml; takana ja kaikki se on ollut tarpeen t&auml;m&auml;n taiteellisen tutkimuksen valmistumiselle. En olisi viel&auml; 1990-luvun puolella uskonut, ett&auml; tulen ryhtym&auml;&auml;n t&auml;h&auml;n ty&ouml;h&ouml;n. V&auml;&auml;ristyneiden k&auml;sitysten purkaminen itsest&auml;ni oppijana mahdollisti kuitenkin t&auml;m&auml;n matkan tekemisen. Siit&auml; kiitokset F. Matthias Alexanderille, joka kehitti menetelm&auml;n, miten purkaa esteit&auml; itsen tielt&auml;. Alexander kuoli samana vuonna kun min&auml; synnyin. Onnekseni olen saanut oppia h&auml;nen tekniikkaansa monilta taitavilta asiantuntijoilta kuten ensimm&auml;iselt&auml; opettajaltani, nyt jo edesmenneelt&auml; Dick Gilbertilt&auml; ja opettajankoulutukseni vastaavalta opettajalta John Nichollsilta.<\/p>\n<p>Ilman apurahoja ty&ouml;ni olisi ollut mahdoton. Kiit&auml;n seuraavia tahoja tutkimukseni taiteellisten t&ouml;iden ja kirjallisen osuuden ty&ouml;st&auml;misen taloudellisesta tukemisesta: Valtion tanssitaidetoimikunta, Alfred Kordelinin yleinen edistys- ja sivistysrahasto, Suomen Kulttuurirahasto, Helsingin kaupungin kulttuuri- ja kirjastolautakunta, Koneen S&auml;&auml;ti&ouml; sek&auml; Jenny ja Antti Wihurin rahasto. Erityisen suuri kiitos kuuluu Teatterikorkeakoulun eri tahoille kuten viimeiselle rehtorille Paula Tuoviselle my&ouml;nt&auml;mist&auml;&auml;n apurahoista, tanssitaiteen laitokselle ja esitt&auml;vien taiteiden tutkimuskeskukselle, Tutkelle, jolta olen saanut monipuolista apua verkkojulkaisun ty&ouml;st&auml;miseen ja kongressimatkoihin. Merkitt&auml;v&auml; tuki minulle on ollut Teatterikorkeakoulun tutkijakoulutettavan pesti. Kiitos ty&ouml;huoneesta. My&ouml;s Zodiak &ndash; Uuden tanssin keskus ja Helsingin taidemuseo ovat olleet t&auml;rkeit&auml; taiteellisten t&ouml;iden toteuttamisessa; kiitos yhteisty&ouml;st&auml;.<\/p>\n<p>Kiit&auml;n suuresti tutkimukseni taiteellisten t&ouml;iden ty&ouml;ryhmien ihania ihmisi&auml;. Ilman taitavia ja antautuvia tanssijoita ty&ouml;ni olisi ollut mahdoton. L&auml;mmin kiitos Akseli Kaukoranta, Anni Rissanen, Giorgio Convertito, Janne Aspvik, Leena Rouhiainen, Nina Viitam&auml;ki, P&auml;ivi Rissanen, Riikka Kek&auml;l&auml;inen, Riikka Theresa Innanen, Sari Lakso ja Veli Lehtovaara. Kiit&auml;n rikkaasta &auml;&auml;nimaailmasta ja vahvasta l&auml;sn&auml;olosta n&auml;ytt&auml;m&ouml;ll&auml; muusikoita Jouko Kyh&auml;l&auml;, Kristiina Ilmonen, Outi Pulkkinen ja Ville Hukkinen sek&auml; &auml;&auml;nisuunnittelijoita Markus Kahelin ja Jouni Tauriainen. Kiitos my&ouml;s valosuunnittelijat Marianne Lagus, Tarja Ervasti, Tomi Humalisto ja Tuukka T&ouml;rneblom sek&auml; lavastajat Jegi Pekkala ja Kimmo Takala tilan luomisesta. Kiitos pukusuunnittelija Terttu Torkkola ja kuvataiteilija Pirjo Houtsonen toimivista vaatetuksista sek&auml; valokuvaajat Johanna Tirronen ja Heli Sorjonen hienoista kuvista.<\/p>\n<p>Kiitos Ervi Sir&eacute;n ja Marjo Kuusela, ett&auml; otitte minut opiskelemaan 2000-luvun alussa tanssin maisteriopintoihin, jotka olivat edellytys jatko-opintoihin pyrkimiselle. Olen kiitollinen tuesta ja avusta maisterin tutkintoni ohjaajalle Tiina Suhoselle, sill&auml; ilman sit&auml; kokemusta en olisi uskaltanut jatkaa. Kiitos Pentti Paavolainen ja Annette Arlander tuestanne tohtorinopintojeni alkutaipaleella. Kiit&auml;n jatko-opintojen alkuvaihetta ohjannutta Kirsi Monnia intohimoisen asenteen n&auml;ytt&auml;misest&auml;, sinnikk&auml;&auml;st&auml; taiteen pohdinnasta ja tien ohjaamisesta tutkimuksen pariin. Suuri kiitos Tutken v&auml;elle avusta ja opetuksesta. Kiit&auml;n nykyisi&auml; taiteellisen tutkimuksen professoreita Esa Kirkkopeltoa ja Leena Rouhiaista tuesta ja jatko-opintojen edelleen kehitt&auml;misest&auml;. Leenaa kiit&auml;n lis&auml;ksi taiteellisia t&ouml;it&auml;ni koskeneista kommenteista sek&auml; arvokkaasta avustasi ja rakentavista ehdotuksistasi urakan loppuvaiheessa ty&ouml;ni lukijana.<\/p>\n<p>Kiit&auml;n Ervi sinua ohjauksestasi ja kysymyksist&auml;si taiteellisten t&ouml;iden prosesseissa. Monikerroksiset keskustelut ja pohdinnat arkisesta syv&auml;llisemm&auml;lle tasolle ovat olleet t&auml;rkeit&auml; viittoja koreografisia ratkaisuja suunnitellessani ja niit&auml; ihmetelless&auml;ni. Siit&auml; ty&ouml;st&auml; syntyi tutkimukseni ydin.<\/p>\n<p>Ilman Soili H&auml;m&auml;l&auml;ist&auml;, tutkimukseni raportointiosuuden ohjaajaa, ty&ouml;ni olisi j&auml;&auml;nyt kirjoittamatta. Tarvitsin erityisen paljon tukea ja sain sit&auml;. Sin&auml; olet ollut Soili maailman paras ohjaaja. K&auml;rsiv&auml;llisyytesi, kannustuksesi ja kykysi saatella minua esteiden yli on ollut korvaamaton apu. Kiit&auml;n my&ouml;s residenssist&auml; kodissasi. Kiitos, kiitos, kiitos!<\/p>\n<p>Kiit&auml;n raportointiosuuden toista ohjaajaa Anne Makkosta kannustuksesta verkkojulkaisun tekemiseen sek&auml; ty&ouml;ni lukemisesta, lukuisista kysymyksist&auml; ja tekstini selkeytt&auml;misest&auml;. Kiit&auml;n my&ouml;s ty&ouml;n videomateriaalin editoinutta Riikka Theresa Innasta ja verkkosivut rakentanutta Sari Koskista, joita ilman ty&ouml; ei olisi katsottavissa ja luettavissa.<\/p>\n<p>Suuri kiitos ty&ouml;ni esitarkastajat Riitta Pasanen-Willberg ja Helena Saarikoski. Sain teilt&auml; arvokkaita kommentteja ty&ouml;n loppuunsaattamiseen ja sen luettavuuden edist&auml;miseen. Toitte my&ouml;s viimeistelyvaiheeseen ihanan helpotuksen my&ouml;nteisill&auml; lausunnoillanne. Riitta, olet ollut esimerkkin&auml; ja innoittajana taiteellisen tutkimuksen maailmaan. Kiitos!<\/p>\n<p>Kiitos Alexander-tekniikkaa opettavat kollegani Auli Hohenthal, Minkki Hulden, Matti Luoto ja Katri-Mari Ruonala. Luitte ja pohditte kanssani kaikkia nelj&auml;&auml; F.M. Alexanderin kirjoittamaa kirjaa lukupiiriss&auml;mme. Erityinen halaus ja kiitos menee Katri-Marille tutkimusraporttini lukemisesta ja kommentoimisesta. Kiit&auml;n yst&auml;v&auml;&auml; ja kollegaa P&auml;ivi Sarastetta keskusteluista ja k&auml;sitteiden purkamisesta sek&auml; puhelimeen vastaamisesta aina kiper&auml;n paikan tullen.<\/p>\n<p>Toisen kerroksen tutkijayhteis&ouml; infon yl&auml;puolella on ollut &auml;&auml;rimm&auml;isen t&auml;rke&auml;. Ongelman kohdatessa olen voinut koputtaa kollegan ovelle ja usein on apu l&ouml;ytynyt. Ovenpielikeskustelut ovat luoneet uskoa el&auml;m&auml;&auml;n, ilot ja surut on voinut jakaa samassa veneess&auml; matkan vaiheita kulkeneiden kanssa. Kiitos Kirsi Heimonen, Pauliina Hulkko, Tomi Humalisto, Helka-Maria Kinnunen, Tuija Kokkonen, Seppo Kumpulainen, Mari Martin, Antti Nykyri, Pilvi Porkola, Isto Turpeinen, Jaana Turunen, Annemari Untamala ja Anita Valkeem&auml;ki. Pauliinaa kiit&auml;n my&ouml;s yhteisty&ouml;st&auml; kongressiesitelmien ja matkustamisen parissa.<\/p>\n<p>Tutkimuksen tekeminen on itsen k&auml;ytt&ouml;&auml; monella tavalla koetteleva prosessi. Olen tarvinnut apua ja olen sit&auml; saanut monelta taholta. L&auml;mmin kiitos hahmoterapeutti Barbro Huld&eacute;n, osteopaatti Raoul Leidenius, energiahoitaja Kaija Kujala ja vy&ouml;hyketerapeutti Elisa Tuominiemi.<\/p>\n<p>Kiit&auml;n sinua Liisa Pentti yst&auml;vyydest&auml;. Kiit&auml;n kuuntelemisesta, tuesta ja hienoista el&auml;m&auml;&auml;, miehi&auml; ja tanssia koskevista keskusteluista. Kiitos yst&auml;vyydest&auml;, joka on kulkenut monia polkuja sek&auml; henkil&ouml;kohtaisella ett&auml; ammatillisella tasolla.<\/p>\n<p>Kiit&auml;n edesmennytt&auml; &auml;iti&auml;ni Annikkia kodista ja huolenpidosta ja is&auml;&auml;ni Olavia el&auml;m&auml;nikuiseen opiskeluun kannustamisesta. Erityinen kiitos siskoilleni Ainolle ja Minnalle, olette tehneet el&auml;m&auml;st&auml; rikasta. Se mit&auml; en ole itse tehnyt, voin kehua siskon tehneen.<\/p>\n<p>Olen kiitollinen el&auml;m&auml;lle, joka kantaa.<br>\nOlen kiitollinen energialle, joka ei lopu kuluttamalla vaan tuottaa uutta energiaa.<br>\nOlen kiitollinen hengelle, joka meiss&auml; virtaa.<br>\nOlen kiitollinen kaikille apujoukoille, jotka ovat aina k&auml;ytett&auml;viss&auml;ni,<br>\nkun vain muistan pyyt&auml;&auml;.<br>\nOlen kiitollinen itselleni, ett&auml; hokasin ryhty&auml; hommaan!<\/p>\n<p>&nbsp;<\/p>\n<p>Helsingiss&auml; 12.11.2013<\/p>\n<p><em>Soile Lahdenper&auml;<\/em><\/p>","protected":false},"excerpt":{"rendered":"<p>Paljon on eletty\u00e4 el\u00e4m\u00e4\u00e4 takana ja kaikki se on ollut tarpeen t\u00e4m\u00e4n taiteellisen tutkimuksen valmistumiselle. En olisi viel\u00e4 1990-luvun puolella uskonut, ett\u00e4 tulen ryhtym\u00e4\u00e4n t\u00e4h\u00e4n ty\u00f6h\u00f6n. V\u00e4\u00e4ristyneiden k\u00e4sitysten purkaminen itsest\u00e4ni oppijana mahdollisti kuitenkin t\u00e4m\u00e4n matkan tekemisen. Siit\u00e4 kiitokset F. Matthias Alexanderille, joka kehitti menetelm\u00e4n, miten purkaa esteit\u00e4 itsen tielt\u00e4. Alexander kuoli samana vuonna kun min\u00e4 [&#8230;]<\/p>\n","protected":false},"author":2,"featured_media":0,"parent":0,"menu_order":4,"comment_status":"open","ping_status":"open","template":"","meta":[],"_links":{"self":[{"href":"https:\/\/actascenica.teak.fi\/lahdenpera_soile\/wp-json\/wp\/v2\/pages\/1210"}],"collection":[{"href":"https:\/\/actascenica.teak.fi\/lahdenpera_soile\/wp-json\/wp\/v2\/pages"}],"about":[{"href":"https:\/\/actascenica.teak.fi\/lahdenpera_soile\/wp-json\/wp\/v2\/types\/page"}],"author":[{"embeddable":true,"href":"https:\/\/actascenica.teak.fi\/lahdenpera_soile\/wp-json\/wp\/v2\/users\/2"}],"replies":[{"embeddable":true,"href":"https:\/\/actascenica.teak.fi\/lahdenpera_soile\/wp-json\/wp\/v2\/comments?post=1210"}],"version-history":[{"count":5,"href":"https:\/\/actascenica.teak.fi\/lahdenpera_soile\/wp-json\/wp\/v2\/pages\/1210\/revisions"}],"predecessor-version":[{"id":1276,"href":"https:\/\/actascenica.teak.fi\/lahdenpera_soile\/wp-json\/wp\/v2\/pages\/1210\/revisions\/1276"}],"wp:attachment":[{"href":"https:\/\/actascenica.teak.fi\/lahdenpera_soile\/wp-json\/wp\/v2\/media?parent=1210"}],"curies":[{"name":"wp","href":"https:\/\/api.w.org\/{rel}","templated":true}]}}