{"id":2154,"date":"2026-03-05T11:37:45","date_gmt":"2026-03-05T09:37:45","guid":{"rendered":"https:\/\/dev.wrkshp.fi\/lahdenpera_soile\/?page_id=2154"},"modified":"2026-03-05T11:37:46","modified_gmt":"2026-03-05T09:37:46","slug":"tietosuojaseloste","status":"publish","type":"page","link":"https:\/\/actascenica.teak.fi\/lahdenpera_soile\/tietosuojaseloste\/","title":{"rendered":"Tietosuojaseloste"},"content":{"rendered":"<h2 class=\"wp-block-heading\">Keit&auml; olemme<\/h2>\n\n\n\n<p>Verkkosivuston osoite on https:\/\/actascenica.teak.fi\/lahdenpera_soile.<\/p>\n\n\n\n<h2 class=\"wp-block-heading\">Mit&auml; henkil&ouml;tietoa ker&auml;&auml;mme ja miksi<\/h2>\n\n\n\n<p>Emme ker&auml;&auml; henkil&ouml;tietoja. Vierailijat eiv&auml;t voi kommentoida tai ladata kuvia t&auml;lle sivustolle.<\/p>\n\n\n\n<h2 class=\"wp-block-heading\">Ev&auml;steet<\/h2>\n\n\n\n<p>T&auml;ss&auml; verkkopalvelussa ei k&auml;ytet&auml; ev&auml;steit&auml; eik&auml; muita k&auml;ytt&auml;j&auml;n p&auml;&auml;telaitteelle tallennettavia seurantatekniikoita.<\/p>\n\n\n\n<h2 class=\"wp-block-heading\">Upotettu sis&auml;lt&ouml; muilta verkkosivustoilta<\/h2>\n\n\n\n<p>Muiden verkkosivustojen upotettu sis&auml;lt&ouml; k&auml;ytt&auml;ytyy t&auml;sm&auml;lleen samalla tavalla kuin k&auml;vij&auml; olisi k&auml;ynyt toisella verkkosivustolla.<\/p>\n\n\n\n<p>N&auml;m&auml; verkkosivustot voivat ker&auml;t&auml; tietoja sinusta, k&auml;ytt&auml;&auml; ev&auml;steit&auml;, upottaa kolmannen osapuolen lis&auml;seurantaa ja valvoa vuorovaikutustasi kyseisen upotetun sis&auml;ll&ouml;n kanssa, mukaan lukien seurata vuorovaikutusta upotetun sis&auml;ll&ouml;n kanssa, jos sinulla on tili ja olet kirjautunut sis&auml;&auml;n kyseiselle verkkosivustolle.<\/p>\n\n\n\n<p>T&auml;ll&auml; sivustolla on upotettuja videoita Vimeo-suoratoistopalvelusta. Katso&nbsp;<a rel=\"noreferrer noopener\" href=\"https:\/\/vimeo.com\/cookie_policy\" target=\"_blank\">Vimeon tietosuojaseloste<\/a>.<\/p>\n\n\n\n<h2 class=\"wp-block-heading\">Analytiikka<\/h2>\n\n\n\n<p>Emme tee k&auml;vij&auml;seurantaa sivustollamme.<\/p>\n","protected":false},"excerpt":{"rendered":"<p>Keit\u00e4 olemme Verkkosivuston osoite on https:\/\/actascenica.teak.fi\/lahdenpera_soile. Mit\u00e4 henkil\u00f6tietoa ker\u00e4\u00e4mme ja miksi Emme ker\u00e4\u00e4 henkil\u00f6tietoja. Vierailijat [&hellip;]<\/p>\n","protected":false},"author":1,"featured_media":0,"parent":0,"menu_order":0,"comment_status":"closed","ping_status":"closed","template":"","meta":{"_acf_changed":false,"footnotes":""},"class_list":["post-2154","page","type-page","status-publish","hentry"],"acf":[],"_links":{"self":[{"href":"https:\/\/actascenica.teak.fi\/lahdenpera_soile\/wp-json\/wp\/v2\/pages\/2154","targetHints":{"allow":["GET"]}}],"collection":[{"href":"https:\/\/actascenica.teak.fi\/lahdenpera_soile\/wp-json\/wp\/v2\/pages"}],"about":[{"href":"https:\/\/actascenica.teak.fi\/lahdenpera_soile\/wp-json\/wp\/v2\/types\/page"}],"author":[{"embeddable":true,"href":"https:\/\/actascenica.teak.fi\/lahdenpera_soile\/wp-json\/wp\/v2\/users\/1"}],"replies":[{"embeddable":true,"href":"https:\/\/actascenica.teak.fi\/lahdenpera_soile\/wp-json\/wp\/v2\/comments?post=2154"}],"version-history":[{"count":1,"href":"https:\/\/actascenica.teak.fi\/lahdenpera_soile\/wp-json\/wp\/v2\/pages\/2154\/revisions"}],"predecessor-version":[{"id":2155,"href":"https:\/\/actascenica.teak.fi\/lahdenpera_soile\/wp-json\/wp\/v2\/pages\/2154\/revisions\/2155"}],"wp:attachment":[{"href":"https:\/\/actascenica.teak.fi\/lahdenpera_soile\/wp-json\/wp\/v2\/media?parent=2154"}],"curies":[{"name":"wp","href":"https:\/\/api.w.org\/{rel}","templated":true}]}}