{"id":338,"date":"2013-04-17T15:03:19","date_gmt":"2013-04-17T12:03:19","guid":{"rendered":"http:\/\/www.verkkovaikkari.com\/soile_lahdenpera_2013\/?page_id=338"},"modified":"2017-07-04T17:15:47","modified_gmt":"2017-07-04T14:15:47","slug":"2-3-alexander-tekniikan-kaytto-arjessa-ja-tanssissa","status":"publish","type":"page","link":"https:\/\/actascenica.teak.fi\/lahdenpera_soile\/2-3-alexander-tekniikan-kaytto-arjessa-ja-tanssissa\/","title":{"rendered":"<em>2.3<\/em> Alexander-tekniikan k\u00e4ytt\u00f6 arjessa ja tanssissa"},"content":{"rendered":"<p>Alexander-tekniikan k&auml;ytt&ouml;&ouml;notto on ollut minulle hidasta, ja olen tarvinnut paljon pys&auml;htymisen eli inhibition harjoittelua. Konkreettinen keino t&auml;h&auml;n on ollut aktiivinen lepoasento &ndash; puoliselinmakuulla oleminen, kirjapino tukena p&auml;&auml;ni alla. T&auml;m&auml; konkreettinen pys&auml;htyminen saa minut irti siit&auml; itsen k&auml;yt&ouml;n rutiinista, jolla toimin. Olipa kokemani rasitus sitten enemm&auml;n fyysisen&auml; tai henkisen&auml; lastina tuntuvaa, sen katkaiseminen levolla auttaa molemmissa tapauksissa v&auml;litt&ouml;m&auml;sti. Aktiivisen lepoasennon p&auml;&auml;asiallinen tarkoitus on tuoda keho pois pystyasennon rasituksesta ja antaa painovoiman vaikuttaa lihasten vapautumiseen ylim&auml;&auml;r&auml;isest&auml; kireydest&auml;. Se on my&ouml;s hyv&auml; tapa harjoitella inhibitiota ja suuntaamista, joiden k&auml;ytt&auml;minen aktiivisemmassa toiminnassa saattaa olla aluksi&nbsp;haasteellista. Olen tullut t&auml;h&auml;n p&auml;&auml;telm&auml;&auml;n sek&auml; oman kokemukseni kautta ett&auml; seurattuani oppilaitteni havaintoja vuosien varrella.&nbsp;T&auml;m&auml; ei kuitenkaan ole ainoa tapa aloittaa menetelm&auml;n k&auml;ytt&ouml;&ouml;nottoa, vaan joillekin on alusta asti mahdollista pys&auml;hty&auml; havainnoimaan toimintaansa aktiivisemmassakin tilanteessa. Er&auml;s oppilaani kertoi hyv&auml;ksi harjoittelupaikaksi kokoustilanteen, jossa on paljon &auml;rsykkeit&auml; inhiboitavaksi. Toiselle taas juoksulenkki sopi hyvin tietoisen itsen k&auml;yt&ouml;n ty&ouml;st&auml;miseen, sill&auml; siin&auml; tilanteessa ylim&auml;&auml;r&auml;inen rasitus ilmoitti itsest&auml;&auml;n nopeasti. Bussipys&auml;kill&auml; seisominen on my&ouml;s hyv&auml; tilanne tutkia reaktioitaan, sill&auml; emme voi mill&auml;&auml;n tavoin edist&auml;&auml; bussin saapumista, ja parasta onkin vain j&auml;tt&auml;&auml; itsens&auml; rauhaan.<\/p>\n<p>Tiedostavan itsen k&auml;yt&ouml;n eli inhibition ja suuntaamisen k&auml;ytt&auml;minen niin tutuissa arkitilanteissa kuin tanssia harjoitettaessa saattaa ensin tuntua mahdottomalta. Yleens&auml; olemme jo reagoineet tottumuksemme mukaan ennen kuin edes huomaamme tilannetta. Rutiiniksi muuttunut toimintamme sis&auml;lt&auml;&auml; paljon tekij&ouml;it&auml;, joita emme itsess&auml;mme helposti tunnista. Tuntuu silt&auml;, ett&auml; &auml;rsykkeen ja reaktion v&auml;liin ei mill&auml;&auml;n p&auml;&auml;se. Kun sitten alamme tehd&auml; havaintoja ja l&ouml;yt&auml;&auml; ehk&auml; jopa uusia vaihtoehtoja toiminnalle, tarvitaan taas muistutusta keinoista, joiden avulla edet&auml;. Olemme usein k&auml;rsim&auml;tt&ouml;mi&auml; emmek&auml; siis ole valmiita k&auml;ytt&auml;m&auml;&auml;n aikaa uudenlaisen toimintatavan oppimiseen. Alexander k&auml;ytti kuitenkin ensimm&auml;isten havaintojensa ja tottumuksen mukaisen, lausumiseen liittyv&auml;n haitallisen tapansa purkamiseen useita kuukausia. Meill&auml; on jo apunamme paljon enemm&auml;n tietoa asiasta, mutta itse ty&ouml; on kuitenkin aloitettava omasta itsest&auml;. Tarvitaan siis k&auml;rsiv&auml;llisyytt&auml;, ja ainakin omalla kohdallani totaalinen pys&auml;htyminen eli aktiivinen lepoasento oli pitk&auml;&auml;n ainoa keino todella katkaista itsen k&auml;yt&ouml;n tottumuksia. V&auml;hitellen on kuitenkin mahdollista aktivoida havainto- ja tiedostamiskykyns&auml; herkemmin toimivaksi. Itse &auml;rsykkeen ja reaktion v&auml;liin p&auml;&auml;semiseen riitt&auml;&auml; lopulta vain sekunnin murto-osa.<\/p>\n<p>Alexander-tekniikan k&auml;yt&ouml;st&auml; tanssin yhteydess&auml; ja sen tukena on kirjoitettu p&auml;&auml;asiassa tanssinopetukseen liittyen. Koreografin ty&ouml;h&ouml;n soveltavia kirjoituksia en ole l&ouml;yt&auml;nyt. Kokemukseni on kuitenkin tuntemieni koreografien, tanssijoiden ja tanssinopettajien suhteen se, ett&auml; Alexander-tekniikkaa soveltavat ty&ouml;ss&auml;&auml;n ne, jotka ovat itse saaneet siit&auml; kokemusta.<\/p>\n<p>Koreografin ja tanssijan ty&ouml;h&ouml;n on Alexander-tekniikasta kokemukseni mukaan paljon hy&ouml;ty&auml;. Menetelm&auml;ll&auml; ei luoda erityist&auml; estetiikkaa tai tyyli&auml;, vaan se on sovellettavissa mihin tahansa koreografin tai tanssijan k&auml;ytt&auml;m&auml;&auml;n ilmaisutapaan. Alexander-tekniikan avulla on mahdollista luoda avoin asenne ty&ouml;h&ouml;n. Mit&auml; muuta tanssia tehdess&auml; voisi tarvita kuin mahdollisimman hyvin toimivaa itsen k&auml;ytt&ouml;&auml;? Tanssin tekij&auml;&auml;n kohdistuva rasitus on moninainen. Tanssin opiskelun ja harjoittelun my&ouml;t&auml; on voinut synty&auml; haitallisia tottumuksia niin asenteessa ty&ouml;h&ouml;n kuin kehon k&auml;yt&ouml;ss&auml;. Haitallinen tottumus voi juontaa juurensa jopa kaukaa lapsuudesta tai olla yksinkertaisesti eilen hyvin toiminut tilanne, joka t&auml;n&auml;&auml;n vaatii uudelleentarkastelua. Usein tanssin harjoittaminen vaatii nopeaa mukautumiskyky&auml; taukojen ja sataprosenttisen tekemisen v&auml;lill&auml;. Niin tanssitekniikkatunnilla, harjoituksissa kuin esitystilanteessa tanssijan on k&auml;ynnistytt&auml;v&auml; nopeasti ja oltava l&auml;sn&auml; tilanteessa koko kapasiteetillaan. Toisaalta on osattava vapautua tekemisest&auml; ja sen rasitteista tauon ajaksi. T&auml;m&auml; asettaa fyysisen lis&auml;ksi my&ouml;s henkisen haasteen, eli kun kyseess&auml; on kokonaisvaltainen psykofyysinen toiminta, paras mahdollinen itsen k&auml;yt&ouml;n tapa on tarpeen.<\/p>\n<p>Alexander-tekniikan ja tanssin menetelmiss&auml; on paljonkin eroavaisuuksia. Alexander-tekniikan hy&ouml;dynt&auml;mist&auml; tanssijoiden koulutuksessa kehitt&auml;neet Rebecca Nettl-Fiol ja Luc Vanier ovat tuoneet esiin niist&auml; seuraavia: Alexander-tekniikkaa opetetaan p&auml;&auml;asiassa yksityistunteina ja opettaja ohjaa oppilasta k&auml;sill&auml;&auml;n, kun taas tanssin opiskelu tapahtuu ryhm&auml;ss&auml;. Asenne ihmiseen kokonaisuutena korostuu Alexander-tekniikassa, tanssissa taas huomio tuodaan usein eriytyneisiin kehon alueisiin ja psyykkinen puoli jopa unohdetaan. Huomion kiinnitt&auml;minen prosessiin on Alexander-tekniikassa ensisijainen. Tanssissa ty&ouml;skentely on helposti p&auml;&auml;m&auml;&auml;r&auml;hakuista ja tekev&auml; (doing) asenne painottuu. Alexander-tekniikassa ei-tekeminen (non-doing) on yksi perusl&auml;ht&ouml;kohdista. Tanssissa korostuu liikkeen muoto, kun Alexander-tekniikassa l&auml;hestyt&auml;&auml;n koko persoonaa ja h&auml;nen energian k&auml;ytt&ouml;&auml;&auml;n. Palautteen antaminen on tanssin puitteissa usein virheiden korjaamista. Alexander-tekniikan pyrkimyksen&auml; taas on pikemmin est&auml;&auml; haitallinen toiminta, jotta kokonaisvaltainen ymm&auml;rrys kasvaa. (<a class=\"glossaryLink cmtt_L&auml;hteet\" aria-describedby=\"tt\" data-cmtooltip=\"&lt;div class=glossaryItemBody&gt;Nettl-Fiol, Rebecca and Vanier, Luc. 2011.&nbsp;&amp;lt;em&amp;gt;Dance and the Alexander Technique: exploring the missing link.&nbsp;&amp;lt;\/em&amp;gt;Urbana, Chicago, and Springfield: University of Illinois Press.&lt;\/div&gt;\" href=\"https:\/\/actascenica.teak.fi\/lahdenpera_soile\/glossary\/nettl-fiol-and-vanier-2011\/\" data-mobile-support=\"0\" data-gt-translate-attributes='[{\"attribute\":\"data-cmtooltip\", \"format\":\"html\"}]' tabindex=\"0\" role=\"link\">Nettl-Fiol and Vanier 2011<\/a>, 11&ndash;14.)<\/p>\n<p>Tanssia ei voi tehd&auml; ainoastaan fysiikallaan. Joskus kuulee ohjeen tanssijalle olevan &rdquo;&auml;l&auml; ajattele, vaan tee&rdquo;. Totta on, ett&auml; runsaan harjoittelun ja toiston tuloksena tanssijan lihakset ovat tottuneet toistamaan tiettyj&auml; liikeratoja, joiden olemassaoloon voidaan luottaa ja ottaa ne k&auml;ytt&ouml;&ouml;n tarvittaessa. Usein n&auml;m&auml; reitit ovat muodostuneet kuitenkin tottumuksiksi, joista on enemm&auml;n haittaa kuin hy&ouml;ty&auml;. Silloin tanssija tarvitsee luopumisen asenteen, voidakseen purkaa vanhan opitun liikemallin ja ottaa k&auml;ytt&ouml;&ouml;n toimivamman. Nettl-Fiol ja Vanier toteavat, ett&auml; on tanssijoita, jotka ovat riippuvaisia jatkuvasta huomiosta ja haluavat korjauksia. Toisaalta on my&ouml;s tanssijoita, jotka ovat kiintyneit&auml; tottumuksiinsa ja pelk&auml;&auml;v&auml;t luopua niist&auml;. Nettl-Fiol ja Vanier kiteytt&auml;v&auml;t kehitysty&ouml;ns&auml; seuraavasti:<\/p>\n<blockquote><p>We strive to develop a fluid approach to learning, where the student becomes an investigator or researcher of movement, guided by the teacher, who makes suggestions and provides situations conducive to learning. (Nettl-Fiol and Vanier 2011, 10.)<\/p><\/blockquote>\n<p>Voin jakaa niin opettajana kuin koreografina heid&auml;n ajatuksensa oppimisprosessista, jossa opiskelijasta tai tanssijasta tulee liikkeen tutkija ja vastaavasti koreografi tai opettaja on parhaimmillaan ohjaamassa ja tukemassa oppimisprosessia.<\/p>\n<p>Amerikkalaisen tanssijan, tanssipedagogin ja Alexander-tekniikan opettajan Suzanne Oliverin tutkimus <em>Toward mind\/body unity: Seeking the deeper promise of dance education<\/em> k&auml;sittelee Alexander-tekniikan vaikutusta tanssijoiden kokemukseen tanssin harjoittamisesta. Oliver sanoo, ett&auml; yksi h&auml;nen tutkimuksensa l&ouml;yd&ouml;ist&auml; oli tanssijoiden jaettu tarve tulla kuulluiksi ja vakavasti otettaviksi sek&auml; mahdollisuus ilmaista itse&auml;&auml;n ja saada tukea ty&ouml;ss&auml;&auml;n. (<a class=\"glossaryLink cmtt_L&auml;hteet\" aria-describedby=\"tt\" data-cmtooltip=\"&lt;div class=glossaryItemBody&gt;Oliver, Suzanne Kathryn. 1994.&nbsp;&amp;lt;em&amp;gt;Toward mind\/body unity: Seeking the deeper promise of dance education.&amp;lt;\/em&amp;gt;&nbsp;Doctoral thesis in Kinesiology. Urbana, Illinois. University of Illinois at Urbana-Champaign. Copy U.M.I. Dissertation Information Service.&lt;\/div&gt;\" href=\"https:\/\/actascenica.teak.fi\/lahdenpera_soile\/glossary\/oliver-1994\/\" data-mobile-support=\"0\" data-gt-translate-attributes='[{\"attribute\":\"data-cmtooltip\", \"format\":\"html\"}]' tabindex=\"0\" role=\"link\">Oliver 1994<\/a>, 148.)<\/p>\n<p>Tiedostava ja havainnoiva itsen k&auml;ytt&ouml; tarkoittaa hereill&auml; oloa. T&auml;ytyy pysty&auml; hy&ouml;dynt&auml;m&auml;&auml;n olemassa olevaa taitoaan ja olla samalla tietoinen niist&auml; esteist&auml;, joita taidon k&auml;yt&ouml;n tielle voi asettua. Hyv&auml; esimerkki t&auml;llaisesta esteest&auml; on p&auml;&auml;m&auml;&auml;r&auml;hakuinen suhtautuminen teht&auml;v&auml;&auml;n. Jos ensisijaisena toiminnan m&auml;&auml;ritt&auml;j&auml;n&auml; on se, mit&auml; kohti olen menossa eik&auml; se, miss&auml; olen nyt, est&auml;n toimintani tarkoituksenmukaisuuden k&auml;sill&auml; olevassa hetkess&auml;. T&auml;m&auml; ei tarkoita sit&auml;, ett&auml; p&auml;&auml;m&auml;&auml;r&auml;n olemassaolo itsess&auml;&auml;n olisi tuomittavaa, vaan sit&auml;, ett&auml; suhtautumisellani p&auml;&auml;m&auml;&auml;r&auml;&auml; kohtaan on merkityst&auml;. Kirsi Monni kuvaa kokemustaan Alexander-tekniikan harjoittamisesta seuraavasti:<\/p>\n<blockquote><p>&hellip; mik&auml;&auml;n liikkeen tuottaminen ei korvaa sit&auml;, mill&auml; tavoin ei-reagoinnin <em>tekhne<\/em> tuo keholliseen t&auml;&auml;ll&auml;-hetkeen: ennakoimattomien kehollisten mahdollisuuksien ja liikett&auml; tulkitsevan muistamisen &auml;&auml;relle. Toimittamalla t&auml;m&auml; ei niink&auml;&auml;n avaudu, paitsi ehk&auml; uuvuttamalla, silkkaan v&auml;sytt&auml;miseen perustuvalla merkitysten sammuttamisella ja siit&auml; aiheutuvalla ennalta tiet&auml;misen puitteen laukeamisella. Uuvuttaminen ei kuitenkaan ole mielest&auml;ni kovin kauaskantoinen tapa ja on sellaisenaan fokusoimatonta vaikkakin joskus tarpeellista <em>tekhne&auml;<\/em>. Ei-reagoimisen <em>tekhne<\/em> pys&auml;ytt&auml;&auml; v&auml;lineelliseen p&auml;&auml;m&auml;&auml;r&auml;isyyteen kiinnittyv&auml;n mielen. Mik&auml;&auml;n puuhakas toimittaminen ei sit&auml; tee, vaikka se antaa niin ymm&auml;rt&auml;&auml;, ik&auml;&auml;n kuin, lumeena. (<a class=\"glossaryLink cmtt_L&auml;hteet\" aria-describedby=\"tt\" data-cmtooltip=\"&lt;div class=glossaryItemBody&gt;Monni, Kirsi. 2011.&nbsp;&amp;lt;em&amp;gt;Alexander-tekniikka ja Autenttinen liike -ty&ouml;skentely: Kaksi kehontietoisuuden harjoittamisen metodia.&amp;lt;\/em&amp;gt;&nbsp;Toinen painos. Helsinki: Kinesis nro 1, Teatterikorkeakoulu. (2004)&lt;\/div&gt;\" href=\"https:\/\/actascenica.teak.fi\/lahdenpera_soile\/glossary\/monni-2011\/\" data-mobile-support=\"0\" data-gt-translate-attributes='[{\"attribute\":\"data-cmtooltip\", \"format\":\"html\"}]' tabindex=\"0\" role=\"link\">Monni 2011<\/a>, 34.)<\/p><\/blockquote>\n<p>Tanssintekij&auml; ja Alexander-tekniikan opettaja Christy Harris avaa artikkelissaan amerikkalaisen koreografin Trisha Brownin tanssijoiden kokemuksia Alexander-tekniikan vaikutuksesta tanssijanty&ouml;h&ouml;n. Brown on itse opiskellut tekniikkaa viitisen vuotta 1980-luvulla. Harrisin haastattelema tanssija Kathleen Fisher toteaa:<\/p>\n<blockquote><p>Because Trisha&rsquo;s movement is very light and incredibly precise in space, you aspire to find the minimal amount of effort needed to make the movement, and you have to be light and fast to do it. [&ndash;&ndash;] The Alexander Technique teaches me [&ndash;&ndash;] I think the directions on order to move. It helps me achieve a light quality in movement that is significant to Brown&rsquo;s style. (<a class=\"glossaryLink cmtt_L&auml;hteet\" aria-describedby=\"tt\" data-cmtooltip=\"&lt;div class=glossaryItemBody&gt;Harris, Christy. 1999. &amp;quot;The Influence of the Alexander Technique On Modern Dance Aesthetics.&rdquo;&nbsp;&amp;lt;em&amp;gt;ASAT News,&nbsp;&amp;lt;\/em&amp;gt;Issue 43, Winter, 1999, 22&ndash;24.&lt;\/div&gt;\" href=\"https:\/\/actascenica.teak.fi\/lahdenpera_soile\/glossary\/harris-1999\/\" data-mobile-support=\"0\" data-gt-translate-attributes='[{\"attribute\":\"data-cmtooltip\", \"format\":\"html\"}]' tabindex=\"0\" role=\"link\">Harris 1999<\/a>, 23.)<\/p><\/blockquote>\n<p>Kaksi muuta Harrisin haastattelemaa tanssijaa, Eva Karczag ja Shelly Senter, ovat my&ouml;s tanssineet Brownin ryhm&auml;ss&auml; ja opiskelleet samanaikaisesti Alexander-tekniikan opettajiksi. He ovat molemmat sittemmin kehitt&auml;neet omaa tanssityyli&auml;&auml;n, joka on saanut paljolti vaikutteita juuri Alexander-tekniikasta. Harrisin mukaan he k&auml;ytt&auml;v&auml;t tekniikan periaatteita sellaisenaan liikekehittelyss&auml;&auml;n. Senter sanoo Harrisin haastattelussa Alexander-tekniikan harjoittamisen mahdollistaneen h&auml;nelle:<\/p>\n<blockquote><p>&hellip; total freedom to participate fully in the moment&hellip; Inhibition is pivotal to really being present and to making spontaneous choices in improvisation&hellip; It is having the ability to not immediately respond, but to wait a second more for greater possibility. (Harris 1999, 24.)<\/p><\/blockquote>\n<p>Senterin tanssiajattelussa (philosophy of dance) on tapahtunut Alexander-tekniikan my&ouml;t&auml; perustava muutos, joka tulee esiin tekemisen ja sallimisen erossa. H&auml;n kertoo ymm&auml;rt&auml;neens&auml;, ett&auml; tekniikka &ldquo;erotti minut liikkeest&auml;, ja samalla tuli selv&auml;ksi, ett&auml; en tee liikett&auml; vaan olen liikett&auml;.&rdquo;<span class=\"alaviite\"><a class=\"glossaryLink cmtt_Alaviite\" aria-describedby=\"tt\" data-cmtooltip=\"&lt;div class=glossaryItemBody&gt;Oma k&auml;&auml;nn&ouml;kseni alkuper&auml;istekstist&auml; &rdquo;&hellip;detached me from movement, and at the same time it became clear that I don&rsquo;t do movement, I am the movement.&rdquo;&lt;\/div&gt;\" href=\"https:\/\/actascenica.teak.fi\/lahdenpera_soile\/glossary\/36-2\/\" data-mobile-support=\"0\" data-gt-translate-attributes='[{\"attribute\":\"data-cmtooltip\", \"format\":\"html\"}]' tabindex=\"0\" role=\"link\">(36)<\/a><\/span> (Harris 1999, 24.) Oma vastaava kokemukseni liittyy tutkimukseni tanssijan ty&ouml;h&ouml;n Deborah Hayn koreografiassa <em>The Ridge<\/em>, jossa parhaimmillaan tanssi tuntui tanssivan minussa ja olin tanssini. Kerron kokemuksestani tarkemmin luvussa <a title=\"3.2.5 Soolon harjoittaminen ja sovittaminen itselleni\" href=\"https:\/\/actascenica.teak.fi\/lahdenpera_soile\/?p=100\">3.2.5<\/a>, Soolon harjoittaminen ja sovittaminen itselleni.<\/p>\n<p>Karczag sanoo, ett&auml; Alexander-tekniikan johdosta h&auml;nell&auml; on<\/p>\n<blockquote><p>&hellip; experiential understanding that when a body is in an internally spacious and open state, the body has more range, and therefore more choices&hellip; The study of the Alexander Technique has provided me with the experience of integration and inner movement that allows me to embody the complexity and range of movement possibilities that I wish to explore. (<a class=\"glossaryLink cmtt_L&auml;hteet\" aria-describedby=\"tt\" data-cmtooltip=\"&lt;div class=glossaryItemBody&gt;Harris, Christy. 1999. &amp;quot;The Influence of the Alexander Technique On Modern Dance Aesthetics.&rdquo;&nbsp;&amp;lt;em&amp;gt;ASAT News,&nbsp;&amp;lt;\/em&amp;gt;Issue 43, Winter, 1999, 22&ndash;24.&lt;\/div&gt;\" href=\"https:\/\/actascenica.teak.fi\/lahdenpera_soile\/glossary\/harris-1999\/\" data-mobile-support=\"0\" data-gt-translate-attributes='[{\"attribute\":\"data-cmtooltip\", \"format\":\"html\"}]' tabindex=\"0\" role=\"link\">Harris 1999<\/a>, 24.)<\/p><\/blockquote>\n<p>Alexander-tekniikka ei koskaan muodostu automaattiseksi toiminnaksi, vaan tiedostavaa itsen k&auml;ytt&ouml;&auml; on harjoitettava jatkuvasti, koska tilanteet ja ymp&auml;rist&ouml;mme muuttuvat koko ajan.<\/p>\n<p>Omat, tutkimusty&ouml;ni aikana syntyneet kokemukseni Alexander-tekniikan soveltamisesta koreografin ja tanssijan ty&ouml;h&ouml;n tulevat esiin taiteellisia prosesseja k&auml;sittelev&auml;ss&auml; kolmannessa luvussa. Tuon esiin ja avaan niit&auml; menetelmi&auml;, joita olen tutkimusty&ouml;ni aikana kehitt&auml;nyt ja k&auml;ytt&auml;nyt Alexander-tekniikan v&auml;litt&auml;miseksi esiintyjille. Jokaisen taiteellisen ty&ouml;n yhteydess&auml; on oma lukunsa menetelm&auml;n soveltamisesta kyseisess&auml; prosessissa.<\/p>\n<div class=\"viitteet\">36) Oma k&auml;&auml;nn&ouml;kseni alkuper&auml;istekstist&auml; &rdquo;&hellip;detached me from movement, and at the same time it became clear that I don&rsquo;t do movement, I am the movement.&rdquo;<\/div>","protected":false},"excerpt":{"rendered":"<p>Alexander-tekniikan k\u00e4ytt\u00f6\u00f6notto on ollut minulle hidasta, ja olen tarvinnut paljon pys\u00e4htymisen eli inhibition harjoittelua. Konkreettinen keino t\u00e4h\u00e4n on ollut aktiivinen lepoasento \u2013 puoliselinmakuulla oleminen, kirjapino tukena p\u00e4\u00e4ni alla. T\u00e4m\u00e4 konkreettinen pys\u00e4htyminen saa minut irti siit\u00e4 itsen k\u00e4yt\u00f6n rutiinista, jolla toimin. Olipa kokemani rasitus sitten enemm\u00e4n fyysisen\u00e4 tai henkisen\u00e4 lastina tuntuvaa, sen katkaiseminen levolla auttaa molemmissa [&#8230;]<\/p>\n","protected":false},"author":2,"featured_media":0,"parent":0,"menu_order":4,"comment_status":"open","ping_status":"closed","template":"","meta":[],"_links":{"self":[{"href":"https:\/\/actascenica.teak.fi\/lahdenpera_soile\/wp-json\/wp\/v2\/pages\/338"}],"collection":[{"href":"https:\/\/actascenica.teak.fi\/lahdenpera_soile\/wp-json\/wp\/v2\/pages"}],"about":[{"href":"https:\/\/actascenica.teak.fi\/lahdenpera_soile\/wp-json\/wp\/v2\/types\/page"}],"author":[{"embeddable":true,"href":"https:\/\/actascenica.teak.fi\/lahdenpera_soile\/wp-json\/wp\/v2\/users\/2"}],"replies":[{"embeddable":true,"href":"https:\/\/actascenica.teak.fi\/lahdenpera_soile\/wp-json\/wp\/v2\/comments?post=338"}],"version-history":[{"count":11,"href":"https:\/\/actascenica.teak.fi\/lahdenpera_soile\/wp-json\/wp\/v2\/pages\/338\/revisions"}],"predecessor-version":[{"id":1848,"href":"https:\/\/actascenica.teak.fi\/lahdenpera_soile\/wp-json\/wp\/v2\/pages\/338\/revisions\/1848"}],"wp:attachment":[{"href":"https:\/\/actascenica.teak.fi\/lahdenpera_soile\/wp-json\/wp\/v2\/media?parent=338"}],"curies":[{"name":"wp","href":"https:\/\/api.w.org\/{rel}","templated":true}]}}