{"id":359,"date":"2013-04-17T16:35:10","date_gmt":"2013-04-17T13:35:10","guid":{"rendered":"http:\/\/www.verkkovaikkari.com\/soile_lahdenpera_2013\/?page_id=359"},"modified":"2021-11-02T16:43:37","modified_gmt":"2021-11-02T14:43:37","slug":"tiivistelma","status":"publish","type":"page","link":"https:\/\/actascenica.teak.fi\/lahdenpera_soile\/tiivistelma\/","title":{"rendered":"Tiivistelm\u00e4 \u2014 Abstract"},"content":{"rendered":"<address>Tekij&auml;<\/address>\n<pre>Soile Lahdenper&auml;<\/pre>\n<address>V&auml;it&ouml;stutkimuksen nimi<\/address>\n<pre><em>Muutoksen tilassa &ndash; Alexander-tekniikka koreografisen prosessin osana<\/em><\/pre>\n<address>Taiteelliset osat<\/address>\n<pre><em>Aava<\/em>\nToteutuspaikka: Zodiak &ndash; Uuden tanssin keskus, Helsinki\nVuosi: 2003<\/pre>\n<pre><em>The Ridge<\/em>\nToteutuspaikka: Zodiak &ndash; Uuden tanssin keskus, Helsinki\nVuosi: 2005<\/pre>\n<pre><em>V&auml;lit&ouml;n tila &ndash; hetken koreografiaa<\/em> ja <em>NYT &ndash; hetken koreografiaa<\/em>\nToteutuspaikka: Helsingin taidemuseo Meilahti ja Tennispalatsi, Helsinki\nVuosi: 2004 ja 2005<\/pre>\n<pre><em>Myrskyn ja my&ouml;t&auml;tuulen terraario<\/em>\nToteutuspaikka: Zodiak &ndash; Uuden tanssin keskus, Helsinki\nVuosi: 2006<\/pre>\n<address>Vastav&auml;itt&auml;j&auml;t<\/address>\n<pre>Tanssitaiteen tohtori Riitta Pasanen-Willberg  \nDosentti, filosofian tohtori Helena Saarikoski<\/pre>\n<address>Taiteellisten t&ouml;iden ohjaus<\/address>\n<pre>Koreografi Ervi Sir&eacute;n<\/pre>\n<address>Kirjallisen ty&ouml;n ohjaus<\/address>\n<pre>Professori emerita Soili H&auml;m&auml;l&auml;inen \nPhD Anne Makkonen<\/pre>\n<address>Tutkielman saa julkaista avoimessa tietoverkossa. Lupa on ajallisesti rajoittamaton.<\/address>\n<address>&nbsp;<\/address>\n<address>TIIVISTELM&Auml;<\/address>\n<pre>Taiteellinen v&auml;it&ouml;stutkimukseni sis&auml;lt&auml;&auml; nelj&auml; taiteellista ty&ouml;t&auml; ja verkkomuotoisen kirjallisen raportoinnin <em>Muutoksen tilassa &ndash; Alexander-tekniikka koreografisen prosessin osana<\/em>. Ty&ouml;ni k&auml;sittelee kehitt&auml;mi&auml;ni menetelmi&auml; integroida Alexander-tekniikan k&auml;ytt&ouml; osaksi taiteellista prosessia koreografin ja tanssijan ty&ouml;ss&auml;. Tarkastelen tutkimukseni taiteellisia prosesseja p&auml;&auml;asiassa koreografin n&auml;k&ouml;kulmasta, mutta tuon my&ouml;s esiin tanssijan kokemukseni Deborah Hayn koreografisen materiaalin sovittamisesta ja tanssimisesta. Tutkimukseni koreografiset ty&ouml;t <em>Aava<\/em> (2003), <em>Hetken koreografiaa<\/em> (2004 ja 2005) sek&auml; <em>Myrskyn ja my&ouml;t&auml;tuulen terraario<\/em> (2006) tein erikokoisille ryhmille. Nelj&auml;s ty&ouml; on Deborah Hayn koreografia <em>The Ridge<\/em>, jonka sovitin ja esitin itse (2005).\n\nTutkimuskysymysteni avulla olen tarkastellut, miten k&auml;yt&auml;n Alexander-tekniikkaa koreografin ty&ouml;ss&auml;ni, millaisin keinoin v&auml;lit&auml;n sit&auml; tanssijoiden\/esiintyjien k&auml;ytt&ouml;&ouml;n ja miten t&auml;m&auml;n tekniikan soveltaminen on vaikuttanut ty&ouml;tapaani koreografina sek&auml; dialogisen suhteen syntymiseen tanssijoiden kanssa. Tutkimuksen aikana on tullut esiin, miten erilaiset l&auml;hestymistavat hy&ouml;dynt&auml;&auml; Alexander-tekniikkaa taiteellisissa prosesseissa ovat vaikuttaneet siihen, miten tanssijat ovat sis&auml;ist&auml;neet tekniikan ja ottaneet sen k&auml;ytt&ouml;&ouml;ns&auml;. Alexander-tekniikkaa on harjoitettu sek&auml; ryhm&auml;tilanteissa ett&auml; yksityistunneilla eri teosten prosesseissa eri tavoin. Tutkimukseni taiteellisten prosessien aikana olen my&ouml;s kehitt&auml;nyt ty&ouml;menetelmi&auml;ni koreografina ja ottanut improvisaatiomenetelm&auml;t vahvemmin k&auml;ytt&ouml;&ouml;n. Tutkimuksen viimeisess&auml; tarkastetussa ty&ouml;ss&auml; <em>Myrskyn ja my&ouml;t&auml;tuulen terraario<\/em> -teoksessa, Alexander-tekniikka, kontakti-improvisaation harjoitteet ja muut improvisaatiomenetelm&auml;t loivat pohjan tanssijoille koreografioida koko teos esityksen hetkess&auml;.\n\nKirjallisen osuuden johdannossa avaan tanssitaustaani, joka pohjautuu amerikkalaisen postmodernin tanssin perinteeseen (Banes 1987, Foster 2009, Halprin 1995) ja pohdin sen vaikutusta koreografin ty&ouml;h&ouml;ni. K&auml;sittelen somaattisia menetelmi&auml; (Hanna 2003, Rouhiainen 2006) ja tuon esiin niiden vaikutuksia. Pohdin my&ouml;s improvisaation ja koreografian suhdetta. Toisessa luvussa esittelen F. Matthias Alexanderin ja avaan h&auml;nen kehitt&auml;m&auml;ns&auml; menetelm&auml;n perusteita. Alexander-tekniikan osalta k&auml;yt&auml;n Alexanderin (1910, 1923, 1932, 1941) kirjoittamaa nelj&auml;&auml; kirjaa ty&ouml;ni p&auml;&auml;l&auml;htein&auml;.\n\nKirjallisen ty&ouml;ni p&auml;&auml;luku on tutkimukseni taiteellisia projekteja k&auml;sittelev&auml; kolmas luku. Avaan siin&auml; tutkimukseni keskeist&auml; n&auml;k&ouml;kulmaa, Alexander-tekniikan ajattelun ja k&auml;yt&auml;nn&ouml;n ty&ouml;skentelyn soveltamista koreografiseen prosessiin. Tuon esiin niit&auml; koreografisen prosessin kysymyksi&auml; ja valintoja, jotka eiv&auml;t yleens&auml; tule tanssiteosta katsovan tietoon. Tarkastelen ty&ouml;ss&auml;ni my&ouml;s koreografin ja tanssijan roolien ilmenemist&auml; ja niiden muutosta tutkimuksen taiteellisten prosessien edetess&auml; (Butterworth 2009). Kolmannessa luvussa videomateriaali ja teksti muodostavat luettavan ja katsottavan kokonaisuuden. Jokaisen taiteellisen ty&ouml;n esitystaltiointi on sijoitettu sit&auml; k&auml;sittelev&auml;n alaluvun yhteyteen (<a title=\"3.1.4 Arviointi Aavan prosessista\" href=\"https:\/\/actascenica.teak.fi\/lahdenpera_soile\/?p=37\">3.1.4<\/a>, <a title=\"3.2.6 Arviointi The Ridge -koreografian sovittamisprosessista ja esitt&auml;misest&auml;\" href=\"https:\/\/actascenica.teak.fi\/lahdenpera_soile\/?p=96\">3.2.6<\/a>, <a title=\"3.3.4 Esityksist&auml; ja harjoitusmenetelmien vaikutuksista niihin\" href=\"https:\/\/actascenica.teak.fi\/lahdenpera_soile\/?p=78\">3.3.4<\/a> ja <a title=\"3.4.5 Terraario esityksen&auml;\" href=\"https:\/\/actascenica.teak.fi\/lahdenpera_soile\/?p=60\">3.4.5<\/a>). Ty&ouml;n viimeisess&auml; nelj&auml;nness&auml; luvussa kokoan tutkimuksen l&ouml;yd&ouml;ksi&auml; ja oivalluksia. Alaluvussa 4.4 esittelen my&ouml;s tutkimuksen aikana syntyneiden menetelmien koettelemiseksi ja taiteelliseksi yhteenvedoksi syntyneen <em>Dr&oacute;mos &ndash; liikkeen j&auml;lki<\/em> -teoksen vuodelta 2010.<\/pre>\n<address>ABSTRACT<\/address>\n<pre>My artistic doctoral dissertation is comprised of four choreographies and a written report in electronic format entitled <em>Muutoksen tilassa &ndash; Alexander-tekniikka koreografisen prosessin osana<\/em> (i.e. \"In a State of Change &ndash; the Alexander Technique as Part of the Choreographic Process\"). My work focuses on the methods I have developed for integrating the use of the Alexander technique into my artistic work as a choreographer and applying it for the dancers I worked with. I scrutinize the choreographic processes of my research primarily through the vantage point of the choreographer, but I also shed light on my experience of adapting and performing the choreographic material of Deborah Hay as a dancer. The choreographic pieces of my research that are titled <em>Aava<\/em> (i.e. \"Vast\", 2003), <em>Hetken koreografiaa<\/em> (i.e. \"Instant Choreography\", 2004 and 2005) and <em>Myrskyn ja my&ouml;t&auml;tuulen terraario<\/em> (i.e. \"Terrarium of Storm and Tailwind\", 2006) I created for varying groups of performers. The fourth piece is my adaptation and performance (2005) of Deborah Hay's choreography, <em>The Ridge<\/em>.\n\nMy research questions led me to examine how I used the Alexander technique in my work as a choreographer, by what means I conveyed its use to dancers and performers and how applying the method affected my choreographic approach and dialogue with the dancers? The research has shown how different approaches to using the Alexander technique in artistic processes have affected how dancers internalize and employ these said processes. The technique has been practiced in both group contexts and private lessons, with varying emphases in the processes of the different pieces. During the artistic processes of the research I have developed my working methods as a choreographer and began to use improvisational approaches more than before. In the final reviewed piece of the research, <em>Myrskyn ja my&ouml;t&auml;tuulen terraario<\/em>, Alexander technique, contact improvisation exercises and other improvisational methods together established a basis for the dancers to choreograph the whole piece in the now-moment.\n\nIn the foreword to the written report I shed some light on my background in dance, which is based in the tradition of postmodern American dance (Banes 1987, Foster 2009, Halprin 1995), and I discuss its impact on my work as a choreographer. I address various somatic methods (Hanna 2003, Rouhiainen 2006) and discuss their effects on my work. I also reflect upon the relationship between improvisation and choreography. In the second chapter I introduce F. Matthias Alexander and expand on the motives of the method he devised. I use the four books Alexander (1910, 1923, 1932, 1941) wrote as my main reference material where the Alexander technique is concerned.\n\nThe main chapter of this written report is the third one and it addresses the artistic projects listed above. In it I expand on the pivotal perspective of this study, i.e. applying the thinking and practice of Alexander technique to choreographic processes. I introduce queries and choices connected with the choreographic process, of which observers of a dance performance will not necessarily be aware. I also discuss the manifestations of the roles of choreographer and dancer, and the changes that occur in them as the artistic processes of the research advance (Butterworth 2009). In the third chapter the video material and written text combine to create a readable and observable whole. The recordings of the performances of each artistic piece are placed in the context of the respective subchapters in which they are discussed (<a title=\"3.1.4 Arviointi Aavan prosessista\" href=\"https:\/\/actascenica.teak.fi\/lahdenpera_soile\/?p=37\">3.1.4<\/a>, <a title=\"3.2.6 Arviointi The Ridge -koreografian sovittamisprosessista ja esitt&auml;misest&auml;\" href=\"https:\/\/actascenica.teak.fi\/lahdenpera_soile\/?p=96\">3.2.6<\/a>, <a title=\"3.3.4 Esityksist&auml; ja harjoitusmenetelmien vaikutuksista niihin\" href=\"https:\/\/actascenica.teak.fi\/lahdenpera_soile\/?p=78\">3.3.4<\/a> and <a title=\"3.4.5 Terraario esityksen&auml;\" href=\"https:\/\/actascenica.teak.fi\/lahdenpera_soile\/?p=60\">3.4.5<\/a>). In the fourth and final chapter of the doctoral dissertation I compile the findings and insights of the conducted research. In subchapter 4.4 I also present a piece from 2010 titled <em>Dr&oacute;mos &ndash; liikkeen j&auml;lki<\/em> (i.e. &ldquo;Dr&oacute;mos &ndash; the Traces of Movement&rdquo;), which was composed to test and to summarize the methods discovered while conducting the research.<\/pre>\n<address>Asiasanat<\/address>\n<pre>Alexander-tekniikka, uusi tanssi, nykytanssi, improvisaatio, &nbsp;nyt-hetken koreografia, kompositio, taiteellinen tutkimus, tanssijanty&ouml;.<\/pre>","protected":false},"excerpt":{"rendered":"<p>Tekij\u00e4 Soile Lahdenper\u00e4 V\u00e4it\u00f6stutkimuksen nimi Muutoksen tilassa \u2013 Alexander-tekniikka koreografisen prosessin osana Taiteelliset osat Aava Toteutuspaikka: Zodiak \u2013 Uuden tanssin keskus, Helsinki Vuosi: 2003 The Ridge Toteutuspaikka: Zodiak \u2013 Uuden tanssin keskus, Helsinki Vuosi: 2005 V\u00e4lit\u00f6n tila \u2013 hetken koreografiaa ja NYT \u2013 hetken koreografiaa Toteutuspaikka: Helsingin taidemuseo Meilahti ja Tennispalatsi, Helsinki Vuosi: 2004 ja [&#8230;]<\/p>\n","protected":false},"author":2,"featured_media":0,"parent":0,"menu_order":3,"comment_status":"open","ping_status":"closed","template":"","meta":[],"_links":{"self":[{"href":"https:\/\/actascenica.teak.fi\/lahdenpera_soile\/wp-json\/wp\/v2\/pages\/359"}],"collection":[{"href":"https:\/\/actascenica.teak.fi\/lahdenpera_soile\/wp-json\/wp\/v2\/pages"}],"about":[{"href":"https:\/\/actascenica.teak.fi\/lahdenpera_soile\/wp-json\/wp\/v2\/types\/page"}],"author":[{"embeddable":true,"href":"https:\/\/actascenica.teak.fi\/lahdenpera_soile\/wp-json\/wp\/v2\/users\/2"}],"replies":[{"embeddable":true,"href":"https:\/\/actascenica.teak.fi\/lahdenpera_soile\/wp-json\/wp\/v2\/comments?post=359"}],"version-history":[{"count":35,"href":"https:\/\/actascenica.teak.fi\/lahdenpera_soile\/wp-json\/wp\/v2\/pages\/359\/revisions"}],"predecessor-version":[{"id":1908,"href":"https:\/\/actascenica.teak.fi\/lahdenpera_soile\/wp-json\/wp\/v2\/pages\/359\/revisions\/1908"}],"wp:attachment":[{"href":"https:\/\/actascenica.teak.fi\/lahdenpera_soile\/wp-json\/wp\/v2\/media?parent=359"}],"curies":[{"name":"wp","href":"https:\/\/api.w.org\/{rel}","templated":true}]}}