{"id":391,"date":"2013-04-23T14:48:03","date_gmt":"2013-04-23T11:48:03","guid":{"rendered":"http:\/\/www.verkkovaikkari.com\/soile_lahdenpera_2013\/?page_id=391"},"modified":"2013-11-27T19:04:10","modified_gmt":"2013-11-27T16:04:10","slug":"videoluettelo","status":"publish","type":"page","link":"https:\/\/actascenica.teak.fi\/lahdenpera_soile\/videoluettelo\/","title":{"rendered":"Videoluettelo"},"content":{"rendered":"<h2>Aava<\/h2>\n<ol><li id=\"clip_24740241\"><a href=\"https:\/\/vimeo.com\/album\/1696135\/video\/24740241\"> <img alt=\"\" src=\"https:\/\/secure-b.vimeocdn.com\/ts\/162\/379\/162379043_150.jpg\"\/><\/a>\n<div>\n<p><a href=\"https:\/\/vimeo.com\/album\/1696135\/video\/24740241\">Aava Esitys Kooste<\/a> 12:32<\/p>\n<\/div>\n<\/li>\n<li id=\"clip_29187150\"><a href=\"https:\/\/vimeo.com\/album\/1696135\/video\/29187150\"> <img alt=\"\" src=\"https:\/\/secure-b.vimeocdn.com\/ts\/249\/220\/249220980_150.jpg\"\/><\/a>\n<div>\n<p><a href=\"https:\/\/vimeo.com\/album\/1696135\/video\/29187150\">190903 Aava \/ Selk&auml;rankaharjoitus<\/a> 06:57<\/p>\n<\/div>\n<\/li>\n<li id=\"clip_29616119\"><a href=\"https:\/\/vimeo.com\/album\/1696135\/video\/29616119\"> <img alt=\"\" src=\"https:\/\/secure-b.vimeocdn.com\/ts\/249\/219\/249219742_150.jpg\"\/><\/a>\n<div>\n<p><a href=\"https:\/\/vimeo.com\/album\/1696135\/video\/29616119\">141003 Aava \/ kontakti tanssijan ja soittajan v&auml;lill&auml;<\/a> 05:39<\/p>\n<\/div>\n<\/li>\n<li id=\"clip_29187955\"><a href=\"https:\/\/vimeo.com\/album\/1696135\/video\/29187955\"> <img alt=\"\" src=\"https:\/\/secure-b.vimeocdn.com\/ts\/195\/315\/195315658_150.jpg\"\/><\/a>\n<div>\n<p><a href=\"https:\/\/vimeo.com\/album\/1696135\/video\/29187955\">231003 &amp; Esitys Aava \/ Outin ja Giorgion duetto<\/a> 03:33<\/p>\n<\/div>\n<\/li>\n<li id=\"clip_29188328\"><a href=\"https:\/\/vimeo.com\/album\/1696135\/video\/29188328\"> <img alt=\"\" src=\"https:\/\/secure-b.vimeocdn.com\/ts\/249\/216\/249216505_150.jpg\"\/><\/a>\n<div>\n<p><a href=\"https:\/\/vimeo.com\/album\/1696135\/video\/29188328\">071003 Aava \/ ensimm&auml;inen l&auml;pimeno<\/a> 09:51<\/p>\n<\/div>\n<\/li>\n<li id=\"clip_29187449\"><a href=\"https:\/\/vimeo.com\/album\/1696135\/video\/29187449\"> <img alt=\"\" src=\"https:\/\/secure-b.vimeocdn.com\/ts\/249\/210\/249210195_150.jpg\"\/><\/a>\n<div>\n<p><a href=\"https:\/\/vimeo.com\/album\/1696135\/video\/29187449\">141003 &amp; 301003 Aava \/ sooloty&ouml;skentely&auml;<\/a> 08:44<\/p>\n<\/div>\n<\/li>\n<li id=\"clip_29188825\"><a href=\"https:\/\/vimeo.com\/album\/1696135\/video\/29188825\"> <img alt=\"\" src=\"https:\/\/secure-b.vimeocdn.com\/ts\/249\/223\/249223299_150.jpg\"\/><\/a>\n<div>\n<p><a href=\"https:\/\/vimeo.com\/album\/1696135\/video\/29188825\">300909 Aava \/ seisomisharjoitus<\/a> 05:13<\/p>\n<\/div>\n<\/li>\n<li id=\"clip_29189124\"><a href=\"https:\/\/vimeo.com\/album\/1696135\/video\/29189124\"> <img alt=\"\" src=\"https:\/\/secure-b.vimeocdn.com\/ts\/249\/211\/249211803_150.jpg\"\/><\/a>\n<div>\n<p><a href=\"https:\/\/vimeo.com\/album\/1696135\/video\/29189124\">1410&amp;301003 Aava \/ k&auml;yt&auml;v&auml; harjoitus<\/a> 05:34<\/p>\n<\/div>\n<\/li>\n<li id=\"clip_36278501\"><a href=\"https:\/\/vimeo.com\/album\/1696135\/video\/36278501\"> <img alt=\"\" src=\"https:\/\/secure-b.vimeocdn.com\/ts\/248\/732\/248732889_150.jpg\"\/><\/a>\n<div>\n<p><a href=\"https:\/\/vimeo.com\/album\/1696135\/video\/36278501\">Aava Esitystaltiointi 281103<\/a> 50:13<\/p>\n<\/div>\n<\/li>\n<\/ol><h2>The Ridge<\/h2>\n<div id=\"browse_content\">\n<ol><li id=\"clip_24790370\"><a href=\"https:\/\/vimeo.com\/album\/1696386\/video\/24790370\"> <img alt=\"\" src=\"https:\/\/secure-b.vimeocdn.com\/ts\/162\/777\/162777535_150.jpg\"\/><\/a>\n<div>\n<p><a href=\"https:\/\/vimeo.com\/album\/1696386\/video\/24790370\">180305 The Ridge<\/a> 19:15<\/p>\n<\/div>\n<\/li>\n<li id=\"clip_29592626\"><a href=\"https:\/\/vimeo.com\/album\/1696386\/video\/29592626\"> <img alt=\"\" src=\"https:\/\/secure-b.vimeocdn.com\/ts\/198\/306\/198306614_150.jpg\"\/><\/a>\n<div>\n<p><a href=\"https:\/\/vimeo.com\/album\/1696386\/video\/29592626\">141207 The Ridge Luentoesitys\/ Lecture performance<\/a> 09:58<\/p>\n<\/div>\n<\/li>\n<\/ol><\/div>\n<h2>Hetken koreografiaa<\/h2>\n<ol><li id=\"clip_36014806\"><a href=\"https:\/\/vimeo.com\/album\/2290559\/video\/36014806\"> <img alt=\"\" src=\"https:\/\/secure-b.vimeocdn.com\/ts\/246\/699\/246699730_150.jpg\"\/><\/a>\n<div>\n<p><a href=\"https:\/\/vimeo.com\/album\/2290559\/video\/36014806\">240805 Hetken koreografiaa 1 \/ Nyt \/ muutos k&auml;velyst&auml;<\/a> 00:42<\/p>\n<\/div>\n<\/li>\n<li id=\"clip_36013987\"><a href=\"https:\/\/vimeo.com\/album\/2290559\/video\/36013987\"> <img alt=\"\" src=\"https:\/\/secure-b.vimeocdn.com\/ts\/246\/695\/246695271_150.jpg\"\/><\/a>\n<div>\n<p><a href=\"https:\/\/vimeo.com\/album\/2290559\/video\/36013987\">240805 Hetken koreografiaa 5\/ Nyt \/ k&auml;yt&auml;v&auml;improvisaatio<\/a> 01:55<\/p>\n<\/div>\n<\/li>\n<li id=\"clip_36014684\"><a href=\"https:\/\/vimeo.com\/album\/2290559\/video\/36014684\"> <img alt=\"\" src=\"https:\/\/secure-b.vimeocdn.com\/ts\/246\/698\/246698935_150.jpg\"\/><\/a>\n<div>\n<p><a href=\"https:\/\/vimeo.com\/album\/2290559\/video\/36014684\">130604 Hetken koreografiaa 2 \/ V&auml;lit&ouml;ntila \/ selk&auml;ranka<\/a> 00:45<\/p>\n<\/div>\n<\/li>\n<li id=\"clip_36013234\"><a href=\"https:\/\/vimeo.com\/album\/2290559\/video\/36013234\"> <img alt=\"\" src=\"https:\/\/secure-b.vimeocdn.com\/ts\/246\/689\/246689500_150.jpg\"\/><\/a>\n<div>\n<p><a href=\"https:\/\/vimeo.com\/album\/2290559\/video\/36013234\">130604 Hetken koreografiaa 3\/ V&auml;lit&ouml;ntila \/ my&ouml;t&auml; ja vasta tekemist&auml;<\/a> 02:41<\/p>\n<\/div>\n<\/li>\n<li id=\"clip_36014205\"><a href=\"https:\/\/vimeo.com\/album\/2290559\/video\/36014205\"> <img alt=\"\" src=\"https:\/\/secure-b.vimeocdn.com\/ts\/246\/696\/246696279_150.jpg\"\/><\/a>\n<div>\n<p><a href=\"https:\/\/vimeo.com\/album\/2290559\/video\/36014205\">240805 Hetken koreografiaa 4 \/ Nyt \/ painonanto<\/a> 01:26<\/p>\n<\/div>\n<\/li>\n<li id=\"clip_36013047\"><a href=\"https:\/\/vimeo.com\/album\/2290559\/video\/36013047\"> <img alt=\"\" src=\"https:\/\/secure-b.vimeocdn.com\/ts\/246\/688\/246688141_150.jpg\"\/><\/a>\n<div>\n<p><a href=\"https:\/\/vimeo.com\/album\/2290559\/video\/36013047\">130604 Hetken koreografiaa 6\/ V&auml;lit&ouml;ntila \/ alkutilanne<\/a> 03:46<\/p>\n<\/div>\n<\/li>\n<li id=\"clip_36012150\"><a href=\"https:\/\/vimeo.com\/album\/2290559\/video\/36012150\"> <img alt=\"\" src=\"https:\/\/secure-b.vimeocdn.com\/ts\/246\/679\/246679721_150.jpg\"\/><\/a>\n<div>\n<p><a href=\"https:\/\/vimeo.com\/album\/2290559\/video\/36012150\">130604 Hetken koreografiaa 7 \/ V&auml;lit&ouml;ntila \/ ulkona tapahtuvaa<\/a> 02:53<\/p>\n<\/div>\n<\/li>\n<li id=\"clip_36015543\"><a href=\"https:\/\/vimeo.com\/album\/2290559\/video\/36015543\"> <img alt=\"\" src=\"https:\/\/secure-b.vimeocdn.com\/ts\/246\/719\/246719045_150.jpg\"\/><\/a>\n<div>\n<p><a href=\"https:\/\/vimeo.com\/album\/2290559\/video\/36015543\">240805 hetken koreografiaa 8 \/ Nyt &ndash; Osa I<\/a> 22:44<\/p>\n<\/div>\n<\/li>\n<li id=\"clip_36017902\"><a href=\"https:\/\/vimeo.com\/album\/2290559\/video\/36017902\"> <img alt=\"\" src=\"https:\/\/secure-b.vimeocdn.com\/ts\/246\/739\/246739656_150.jpg\"\/><\/a>\n<div>\n<p><a href=\"https:\/\/vimeo.com\/album\/2290559\/video\/36017902\">240805 Hetken koreografiaa 9 \/ Nyt &ndash; Hetken koreografiaa Osa II<\/a> 13:39<\/p>\n<\/div>\n<\/li>\n<li id=\"clip_36020098\"><a href=\"https:\/\/vimeo.com\/album\/2290559\/video\/36020098\"> <img alt=\"\" src=\"https:\/\/secure-b.vimeocdn.com\/ts\/246\/759\/246759274_150.jpg\"\/><\/a>\n<div>\n<p><a href=\"https:\/\/vimeo.com\/album\/2290559\/video\/36020098\">240805 Hetken koreografiaa 10 \/ Nyt &ndash; hetken koreografiaa Osa III<\/a> 21:48<\/p>\n<\/div>\n<\/li>\n<li id=\"clip_36012375\"><a href=\"https:\/\/vimeo.com\/album\/2290559\/video\/36012375\"> <img alt=\"\" src=\"https:\/\/secure-b.vimeocdn.com\/ts\/246\/687\/246687038_150.jpg\"\/><\/a>\n<div>\n<p><a href=\"https:\/\/vimeo.com\/album\/2290559\/video\/36012375\">240805 Hetken koreografiaa 11\/ Nyt \/ lopettamisesta<\/a> 02:38<\/p>\n<\/div>\n<\/li>\n<\/ol><h2>Myrskyn ja my&ouml;t&auml;tuulen terraario<\/h2>\n<div id=\"browse_content\">\n<ol><li id=\"clip_79415099\"><a href=\"https:\/\/vimeo.com\/album\/2278686\/video\/79415099\"><br><img alt=\"\" src=\"https:\/\/secure-b.vimeocdn.com\/ts\/455\/095\/455095640_150.jpg\"\/><\/a>\n<div>\n<p><a href=\"https:\/\/vimeo.com\/album\/2278686\/video\/79415099\">Terraario Kooste 220906<\/a>&nbsp;10:44<\/p>\n<\/div>\n<\/li>\n<li id=\"clip_47712386\"><a href=\"https:\/\/vimeo.com\/album\/2278686\/video\/47712386\"> <img alt=\"\" src=\"https:\/\/secure-b.vimeocdn.com\/ts\/330\/874\/330874290_150.jpg\"\/><\/a>\n<div>\n<p><a href=\"https:\/\/vimeo.com\/album\/2278686\/video\/47712386\">Terraario 050506 Ohjauspuheen vaikutus<\/a> 12:26<\/p>\n<\/div>\n<\/li>\n<li id=\"clip_47713611\"><a href=\"https:\/\/vimeo.com\/album\/2278686\/video\/47713611\"> <img alt=\"\" src=\"https:\/\/secure-b.vimeocdn.com\/ts\/330\/877\/330877917_150.jpg\"\/><\/a>\n<div>\n<p><a href=\"https:\/\/vimeo.com\/album\/2278686\/video\/47713611\">Terraario 050506 Harjoitusmenetelmia<\/a> 04:45<\/p>\n<\/div>\n<\/li>\n<li><a href=\"https:\/\/vimeo.com\/album\/2278686\/video\/47713396\"> <img alt=\"\" src=\"https:\/\/secure-b.vimeocdn.com\/ts\/330\/877\/330877979_150.jpg\"\/><\/a>\n<div>\n<p><a href=\"https:\/\/vimeo.com\/album\/2278686\/video\/47713396\">Terraario 010606 Painonluovutusta<\/a> 05:22<\/p>\n<\/div>\n<\/li>\n<li id=\"clip_47713126\"><a href=\"https:\/\/vimeo.com\/album\/2278686\/video\/47713126\"> <img alt=\"\" src=\"https:\/\/secure-b.vimeocdn.com\/ts\/331\/234\/331234425_150.jpg\"\/><\/a>\n<div>\n<p><a href=\"https:\/\/vimeo.com\/album\/2278686\/video\/47713126\">Terraario 050506 Kohti ja pois tanssi<\/a> 04:25<\/p>\n<\/div>\n<\/li>\n<li id=\"clip_47711941\"><a href=\"https:\/\/vimeo.com\/album\/2278686\/video\/47711941\"> <img alt=\"\" src=\"https:\/\/secure-b.vimeocdn.com\/ts\/330\/865\/330865668_150.jpg\"\/><\/a>\n<div>\n<p><a href=\"https:\/\/vimeo.com\/album\/2278686\/video\/47711941\">Terraario 080606 baletin j&auml;lki<\/a> 02:41<\/p>\n<\/div>\n<\/li>\n<li id=\"clip_47714418\"><a href=\"https:\/\/vimeo.com\/album\/2278686\/video\/47714418\"> <img alt=\"\" src=\"https:\/\/secure-b.vimeocdn.com\/ts\/330\/882\/330882086_150.jpg\"\/><\/a>\n<div>\n<p><a href=\"https:\/\/vimeo.com\/album\/2278686\/video\/47714418\">Terraario 050906 Rajaaminen ja tukeminen<\/a> 02:25<\/p>\n<\/div>\n<\/li>\n<li id=\"clip_47711854\"><a href=\"https:\/\/vimeo.com\/album\/2278686\/video\/47711854\"> <img alt=\"\" src=\"https:\/\/secure-b.vimeocdn.com\/ts\/330\/865\/330865358_150.jpg\"\/><\/a>\n<div>\n<p><a href=\"https:\/\/vimeo.com\/album\/2278686\/video\/47711854\">Terraario 290506 Kosketusken ja reaktion vuorohpuhelu<\/a> 03:12<\/p>\n<\/div>\n<\/li>\n<li id=\"clip_47712052\"><a href=\"https:\/\/vimeo.com\/album\/2278686\/video\/47712052\"> <img alt=\"\" src=\"https:\/\/secure-b.vimeocdn.com\/ts\/330\/867\/330867641_150.jpg\"\/><\/a>\n<div>\n<p><a href=\"https:\/\/vimeo.com\/album\/2278686\/video\/47712052\">Terraario 050506 tila- ja esineharjoitus<\/a> 05:02<\/p>\n<\/div>\n<\/li>\n<li id=\"clip_47712894\"><a href=\"https:\/\/vimeo.com\/album\/2278686\/video\/47712894\"> <img alt=\"\" src=\"https:\/\/secure-b.vimeocdn.com\/ts\/330\/872\/330872506_150.jpg\"\/><\/a>\n<div>\n<p><a href=\"https:\/\/vimeo.com\/album\/2278686\/video\/47712894\">Terraario 020606B Kaatuminen, kohtaaminen ja pys&auml;htyminen ympyr&auml;ss&auml;<\/a> 01:56<\/p>\n<\/div>\n<\/li>\n<li id=\"clip_47713441\"><a href=\"https:\/\/vimeo.com\/album\/2278686\/video\/47713441\"> <img alt=\"\" src=\"https:\/\/secure-b.vimeocdn.com\/ts\/330\/876\/330876534_150.jpg\"\/><\/a>\n<div>\n<p><a href=\"https:\/\/vimeo.com\/album\/2278686\/video\/47713441\">Terraario 020606B Keskustelu rakenteesta<\/a> 03:27<\/p>\n<\/div>\n<\/li>\n<li id=\"clip_47711758\"><a href=\"https:\/\/vimeo.com\/album\/2278686\/video\/47711758\"> <img alt=\"\" src=\"https:\/\/secure-b.vimeocdn.com\/ts\/330\/865\/330865099_150.jpg\"\/><\/a>\n<div>\n<p><a href=\"https:\/\/vimeo.com\/album\/2278686\/video\/47711758\">Terraario 300506 Aktiviivisesti ja passiivisesti Sohvan kanssa<\/a> 03:10<\/p>\n<\/div>\n<\/li>\n<li id=\"clip_47711605\"><a href=\"https:\/\/vimeo.com\/album\/2278686\/video\/47711605\"> <img alt=\"\" src=\"https:\/\/secure-b.vimeocdn.com\/ts\/330\/863\/330863689_150.jpg\"\/><\/a>\n<div>\n<p><a href=\"https:\/\/vimeo.com\/album\/2278686\/video\/47711605\">Terraario 300506 Perhepotretti<\/a> 03:26<\/p>\n<\/div>\n<\/li>\n<li id=\"clip_47648031\"><a href=\"https:\/\/vimeo.com\/album\/2278686\/video\/47648031\"> <img alt=\"\" src=\"https:\/\/secure-b.vimeocdn.com\/ts\/330\/860\/330860802_150.jpg\"\/><\/a>\n<div>\n<p><a href=\"https:\/\/vimeo.com\/album\/2278686\/video\/47648031\">Terraario 300506 Riskinotto Sohvan kanssa<\/a> 03:50<\/p>\n<\/div>\n<\/li>\n<li id=\"clip_47647397\"><a href=\"https:\/\/vimeo.com\/album\/2278686\/video\/47647397\"> <img alt=\"\" src=\"https:\/\/secure-b.vimeocdn.com\/ts\/330\/858\/330858629_150.jpg\"\/><\/a>\n<div>\n<p><a href=\"https:\/\/vimeo.com\/album\/2278686\/video\/47647397\">Terraario 310506 Olohuoneharjoitus<\/a> 03:17<\/p>\n<\/div>\n<\/li>\n<li id=\"clip_47767459\"><a href=\"https:\/\/vimeo.com\/album\/2278686\/video\/47767459\"> <img alt=\"\" src=\"https:\/\/secure-b.vimeocdn.com\/ts\/331\/231\/331231768_150.jpg\"\/><\/a>\n<div>\n<p><a href=\"https:\/\/vimeo.com\/album\/2278686\/video\/47767459\">Terraario 170806 Velin soolo<\/a> 01:27<\/p>\n<\/div>\n<\/li>\n<li id=\"clip_47714341\"><a href=\"https:\/\/vimeo.com\/album\/2278686\/video\/47714341\"> <img alt=\"\" src=\"https:\/\/secure-b.vimeocdn.com\/ts\/330\/882\/330882500_150.jpg\"\/><\/a>\n<div>\n<p><a href=\"https:\/\/vimeo.com\/album\/2278686\/video\/47714341\">Terraario 290806 Gion soolo, laatikot, oleminen, hoover, N&amp;R Duetto, Riikkan soolo, varjo<\/a> 06:47<\/p>\n<\/div>\n<\/li>\n<li id=\"clip_47767491\"><a href=\"https:\/\/vimeo.com\/album\/2278686\/video\/47767491\"> <img alt=\"\" src=\"https:\/\/secure-b.vimeocdn.com\/ts\/331\/235\/331235694_150.jpg\"\/><\/a>\n<div>\n<p><a href=\"https:\/\/vimeo.com\/album\/2278686\/video\/47767491\">Terraario 10906 Esitys soolot<\/a> 09:54<\/p>\n<\/div>\n<\/li>\n<li id=\"clip_47712100\"><a href=\"https:\/\/vimeo.com\/album\/2278686\/video\/47712100\"> <img alt=\"\" src=\"https:\/\/secure-b.vimeocdn.com\/ts\/330\/873\/330873693_150.jpg\"\/><\/a>\n<div>\n<p><a href=\"https:\/\/vimeo.com\/album\/2278686\/video\/47712100\">Terraario 050506 Sujuvuus ja antautuminen<\/a> 16:13<\/p>\n<\/div>\n<\/li>\n<li id=\"clip_52275796\"><a href=\"https:\/\/vimeo.com\/album\/2278686\/video\/52275796\"> <img alt=\"\" src=\"https:\/\/secure-b.vimeocdn.com\/ts\/360\/640\/360640437_150.jpg\"\/><\/a>\n<div>\n<p><a href=\"https:\/\/vimeo.com\/album\/2278686\/video\/52275796\">230906 Terraarion Esitys<\/a> 54:09<\/p>\n<\/div>\n<\/li>\n<li id=\"clip_52267563\"><a href=\"https:\/\/vimeo.com\/album\/2278686\/video\/52267563\"> <img alt=\"\" src=\"https:\/\/secure-b.vimeocdn.com\/ts\/360\/582\/360582174_150.jpg\"\/><\/a>\n<div>\n<p><a href=\"https:\/\/vimeo.com\/album\/2278686\/video\/52267563\">240906 Terraarion Esitys<\/a> 57:17<\/p>\n<\/div>\n<\/li>\n<\/ol><h2>Dr&oacute;mos<\/h2>\n<div id=\"browse_content\">\n<ol><li id=\"clip_66622365\"><a href=\"https:\/\/vimeo.com\/album\/2396201\/video\/66622365\"> <img alt=\"\" src=\"https:\/\/secure-b.vimeocdn.com\/ts\/438\/117\/438117278_150.jpg\"\/><\/a>\n<div>\n<p><a href=\"https:\/\/vimeo.com\/album\/2396201\/video\/66622365\">Dr&oacute;mos &ndash; Liikkeen j&auml;lki&nbsp;8.12.2010<\/a> 47:32<\/p>\n<\/div>\n<\/li>\n<\/ol><\/div>\n<\/div>","protected":false},"excerpt":{"rendered":"<p>Aava Aava Esitys Kooste 12:32 190903 Aava \/ Selk\u00e4rankaharjoitus 06:57 141003 Aava \/ kontakti tanssijan ja soittajan v\u00e4lill\u00e4 05:39 231003 &amp; Esitys Aava \/ Outin ja Giorgion duetto 03:33 071003 Aava \/ ensimm\u00e4inen l\u00e4pimeno 09:51 141003 &amp; 301003 Aava \/ sooloty\u00f6skentely\u00e4 08:44 300909 Aava \/ seisomisharjoitus 05:13 1410&amp;301003 Aava \/ k\u00e4yt\u00e4v\u00e4 harjoitus 05:34 Aava Esitystaltiointi [&#8230;]<\/p>\n","protected":false},"author":2,"featured_media":0,"parent":0,"menu_order":6,"comment_status":"open","ping_status":"closed","template":"","meta":[],"_links":{"self":[{"href":"https:\/\/actascenica.teak.fi\/lahdenpera_soile\/wp-json\/wp\/v2\/pages\/391"}],"collection":[{"href":"https:\/\/actascenica.teak.fi\/lahdenpera_soile\/wp-json\/wp\/v2\/pages"}],"about":[{"href":"https:\/\/actascenica.teak.fi\/lahdenpera_soile\/wp-json\/wp\/v2\/types\/page"}],"author":[{"embeddable":true,"href":"https:\/\/actascenica.teak.fi\/lahdenpera_soile\/wp-json\/wp\/v2\/users\/2"}],"replies":[{"embeddable":true,"href":"https:\/\/actascenica.teak.fi\/lahdenpera_soile\/wp-json\/wp\/v2\/comments?post=391"}],"version-history":[{"count":11,"href":"https:\/\/actascenica.teak.fi\/lahdenpera_soile\/wp-json\/wp\/v2\/pages\/391\/revisions"}],"predecessor-version":[{"id":1787,"href":"https:\/\/actascenica.teak.fi\/lahdenpera_soile\/wp-json\/wp\/v2\/pages\/391\/revisions\/1787"}],"wp:attachment":[{"href":"https:\/\/actascenica.teak.fi\/lahdenpera_soile\/wp-json\/wp\/v2\/media?parent=391"}],"curies":[{"name":"wp","href":"https:\/\/api.w.org\/{rel}","templated":true}]}}