{"id":491,"date":"2013-04-29T12:22:02","date_gmt":"2013-04-29T09:22:02","guid":{"rendered":"http:\/\/www.verkkovaikkari.com\/lahdenpera_soile\/?page_id=491"},"modified":"2013-11-18T20:08:52","modified_gmt":"2013-11-18T17:08:52","slug":"sisallysluettelo","status":"publish","type":"page","link":"https:\/\/actascenica.teak.fi\/lahdenpera_soile\/sisallysluettelo\/","title":{"rendered":"Sis\u00e4llysluettelo"},"content":{"rendered":"<h1><a href=\"https:\/\/actascenica.teak.fi\/lahdenpera_soile\/?page_id=359\">Tiivistelm&auml;<\/a><\/h1>\n<h1><strong>1&nbsp;<\/strong><a href=\"https:\/\/actascenica.teak.fi\/lahdenpera_soile\/?page_id=570\">JOHDANTO<\/a><\/h1>\n<h2><strong>1.1<\/strong> <a href=\"https:\/\/actascenica.teak.fi\/lahdenpera_soile\/?page_id=568\">Tanssihistoriallista taustaa<\/a><\/h2>\n<h3><strong>1.1.1<\/strong> Tanssitaustastani ja sen merkitys koreografin asenteelleni<\/h3>\n<h3><strong>1.1.2<\/strong> Alexander-tekniikan vaikutus tanssiajatteluuni<\/h3>\n<h3><strong>1.1.3<\/strong> Somaattiset menetelm&auml;t<\/h3>\n<h3><strong>1.1.4<\/strong> Improvisaation ja koreografian suhde<\/h3>\n<h2><strong>1.2<\/strong> <a href=\"https:\/\/actascenica.teak.fi\/lahdenpera_soile\/?page_id=574\">Kiinnostus tutkimukseen<\/a><\/h2>\n<h3><strong>1.2.1<\/strong> Tutkimuksen l&auml;ht&ouml;kohdat ja eteneminen<\/h3>\n<h3><strong>1.2.2<\/strong> Tutkimuksen taiteelliset ty&ouml;t<\/h3>\n<h3><strong>1.2.3<\/strong> Suhteeni tanssin tutkimukseen<\/h3>\n<h3><\/h3>\n<h1><strong>2<\/strong>&nbsp;<a href=\"https:\/\/actascenica.teak.fi\/lahdenpera_soile\/?page_id=292\">ALEXANDER-TEKNIIKKA<\/a><\/h1>\n<h2><strong>2.1<\/strong> <a href=\"https:\/\/actascenica.teak.fi\/lahdenpera_soile\/?page_id=255\">F. Matthias Alexander<\/a><\/h2>\n<h3><strong>2.1.1<\/strong> Lapsuus ja nuoruus<\/h3>\n<h3><strong>2.1.2<\/strong> Tutkimus<\/h3>\n<h3><strong>2.1.3<\/strong> Ura<\/h3>\n<h3><strong>2.1.4<\/strong> Opettajankoulutus<\/h3>\n<h2><strong>2.2<\/strong> <a href=\"https:\/\/actascenica.teak.fi\/lahdenpera_soile\/?page_id=336\">Alexander-tekniikan perusk&auml;sitteet<\/a><\/h2>\n<h3><strong>2.2.1<\/strong> Itsen k&auml;ytt&ouml; &ndash; The Use of the Self<\/h3>\n<h3><strong>2.2.2<\/strong> Perusohjaus &ndash; Primary Control<\/h3>\n<h3><strong>2.2.3<\/strong> Inhibitio &ndash; Inhibition<\/h3>\n<h3><strong>2.2.4<\/strong> Suuntaaminen &ndash; Directing<\/h3>\n<h3><strong>2.2.5<\/strong> Aistinvarainen ymm&auml;rt&auml;minen &ndash; Sensory appreciation<\/h3>\n<h2><strong>2.3<\/strong> <a href=\"https:\/\/actascenica.teak.fi\/lahdenpera_soile\/?page_id=338\">Alexander-tekniikan k&auml;ytt&ouml; arjessa ja tanssissa<\/a><\/h2>\n<h1><strong>3<\/strong>&nbsp;<a href=\"https:\/\/actascenica.teak.fi\/lahdenpera_soile\/?page_id=556\">TAITEELLISET TY&Ouml;T<\/a><\/h1>\n<h2><strong>3.1<\/strong> <a href=\"https:\/\/actascenica.teak.fi\/lahdenpera_soile\/?p=20\">Aava &ndash; astun tutkimukseen<\/a><\/h2>\n<h3><strong>3.1.1<\/strong> <a href=\"https:\/\/actascenica.teak.fi\/lahdenpera_soile\/?p=22\">Alexander-tekniikka Aavan prosessissa<\/a><\/h3>\n<h3><strong>3.1.2<\/strong> <a href=\"https:\/\/actascenica.teak.fi\/lahdenpera_soile\/?p=28\">Aavan koreografinen rakentuminen<\/a><\/h3>\n<h3><strong>3.1.3<\/strong> <a href=\"https:\/\/actascenica.teak.fi\/lahdenpera_soile\/?p=34\">Improvisaation ja koreografian suhteesta ja dialogisuudesta<\/a><\/h3>\n<h3><strong>3.1.4<\/strong> <a href=\"https:\/\/actascenica.teak.fi\/lahdenpera_soile\/?p=37\">Arviointi Aavan prosessista<\/a><\/h3>\n<h2><strong>3.2<\/strong> <a href=\"https:\/\/actascenica.teak.fi\/lahdenpera_soile\/?p=110\">The Ridge &ndash; kokemus sovittajan ja tanssijan ty&ouml;st&auml;<\/a><\/h2>\n<h3><strong>3.2.1<\/strong> <a href=\"https:\/\/actascenica.teak.fi\/lahdenpera_soile\/?p=108\">Alexander-tekniikan merkitys soolon harjoittamisessa itselleni<\/a><\/h3>\n<h3><strong>3.2.2<\/strong> <a href=\"https:\/\/actascenica.teak.fi\/lahdenpera_soile\/?p=106\">Deborah Hayn ty&ouml;skentelymenetelm&auml;<\/a><\/h3>\n<h3><strong>3.2.3<\/strong> <a href=\"https:\/\/actascenica.teak.fi\/lahdenpera_soile\/?p=104\">The Ridge koreografian vastaanottaminen<\/a><\/h3>\n<h3><strong>3.2.4<\/strong> <a href=\"https:\/\/actascenica.teak.fi\/lahdenpera_soile\/?p=102\">Koreografian tilallinen rakenne ja sanallisia ohjeita<\/a><\/h3>\n<h3><strong>3.2.5<\/strong> <a href=\"https:\/\/actascenica.teak.fi\/lahdenpera_soile\/?p=100\">Soolon harjoittaminen ja sovittaminen itselleni<\/a><\/h3>\n<h3><strong>3.2.6<\/strong> <a href=\"https:\/\/actascenica.teak.fi\/lahdenpera_soile\/?p=96\">Arviointi The Ridge -koreografian sovittamisprosessista ja esitt&auml;misest&auml;<\/a><\/h3>\n<h2><strong>3.3<\/strong> <a href=\"https:\/\/actascenica.teak.fi\/lahdenpera_soile\/?p=87\">Hetken koreografiaa &ndash; kaksiosainen prosessi<\/a><\/h2>\n<h3><strong>3.3.1<\/strong> <a href=\"https:\/\/actascenica.teak.fi\/lahdenpera_soile\/?p=85\">Suomussalmiryhm&auml;st&auml;<\/a><\/h3>\n<h3><strong>3.3.2<\/strong> <a href=\"https:\/\/actascenica.teak.fi\/lahdenpera_soile\/?p=83\">Alexander-tekniikan asema Hetken koreografiaa -harjoitusprosessissa<\/a><\/h3>\n<h3><strong>3.3.3<\/strong> <a href=\"https:\/\/actascenica.teak.fi\/lahdenpera_soile\/?p=81\">Harjoitusprosessista ja k&auml;ytetyist&auml; harjoitteista<\/a><\/h3>\n<h3><strong>3.3.4<\/strong> <a href=\"https:\/\/actascenica.teak.fi\/lahdenpera_soile\/?p=78\">Esityksist&auml; ja harjoitusmenetelmien vaikutuksista niihin<\/a><\/h3>\n<h3><strong>3.3.5<\/strong> <a href=\"https:\/\/actascenica.teak.fi\/lahdenpera_soile\/?p=76\">Arviointi Hetken koreografiaa -prosessista<\/a><\/h3>\n<h2><strong>3.4<\/strong> <a href=\"https:\/\/actascenica.teak.fi\/lahdenpera_soile\/?p=71\">Myrskyn ja my&ouml;t&auml;tuulen terraario &ndash; tutkimuksia ajassa ja tilassa<\/a><\/h2>\n<h3><strong>3.4.1<\/strong> <a href=\"https:\/\/actascenica.teak.fi\/lahdenpera_soile\/?p=69\">Taustaa Terraarion synnylle ja tutkimusprosessille<\/a><\/h3>\n<h3><strong>3.4.2<\/strong> <a href=\"https:\/\/actascenica.teak.fi\/lahdenpera_soile\/?p=66\">Alexander-tekniikan k&auml;ytt&ouml; Terraarion prosessissa<\/a><\/h3>\n<h3><strong>3.4.3<\/strong> <a href=\"https:\/\/actascenica.teak.fi\/lahdenpera_soile\/?p=64\">Harjoitteleminen kohti tuntematonta eli muutoksen tilassa oleminen<\/a><\/h3>\n<h3><strong>3.4.4<\/strong> <a href=\"https:\/\/actascenica.teak.fi\/lahdenpera_soile\/?p=62\">Tanssijan suhde tilaan ja rakenteen muodostuminen<\/a><\/h3>\n<h3><strong>3.4.5<\/strong> <a href=\"https:\/\/actascenica.teak.fi\/lahdenpera_soile\/?p=60\">Terraario esityksen&auml;<\/a><\/h3>\n<h3><strong>3.4.6<\/strong> <a href=\"https:\/\/actascenica.teak.fi\/lahdenpera_soile\/?p=58\">Arviointi Terraarion prosessista<\/a><\/h3>\n<h1><strong>4<\/strong>&nbsp;<a href=\"https:\/\/actascenica.teak.fi\/lahdenpera_soile\/?page_id=631\">LOPUKSI<\/a><\/h1>\n<h2><strong>4.1<\/strong> <a href=\"https:\/\/actascenica.teak.fi\/lahdenpera_soile\/?page_id=633\">Tutkimuskysymysten kautta syntyneit&auml; oivalluksia<\/a><\/h2>\n<h2><strong>4.2<\/strong> <a href=\"https:\/\/actascenica.teak.fi\/lahdenpera_soile\/?page_id=635\">Muutoksia koreografin asenteessani<\/a><\/h2>\n<h2><strong>4.3<\/strong> <a href=\"https:\/\/actascenica.teak.fi\/lahdenpera_soile\/?page_id=638\">Tutkimusprosessin synnytt&auml;mi&auml; vahvistuksia ja l&ouml;yd&ouml;ksi&auml;<\/a><\/h2>\n<h2><strong>4.4<\/strong> <a href=\"https:\/\/actascenica.teak.fi\/lahdenpera_soile\/?page_id=640\">Yhteenveto ja tutkimuksen seurauksia: Dr&oacute;mos &ndash; liikkeen j&auml;lki<\/a><\/h2>\n<h2><\/h2>\n<h1><a href=\"https:\/\/actascenica.teak.fi\/lahdenpera_soile\/?page_id=391\">Videoluettelo<\/a><\/h1>\n<h1><a href=\"https:\/\/actascenica.teak.fi\/lahdenpera_soile\/?page_id=1092\">Tutkimusaineisto<\/a><\/h1>\n<h1><a href=\"https:\/\/actascenica.teak.fi\/lahdenpera_soile\/?page_id=657\">L&auml;hteet<\/a><\/h1>\n<h3><\/h3>","protected":false},"excerpt":{"rendered":"<p>Tiivistelm\u00e4 1\u00a0JOHDANTO 1.1 Tanssihistoriallista taustaa 1.1.1 Tanssitaustastani ja sen merkitys koreografin asenteelleni 1.1.2 Alexander-tekniikan vaikutus tanssiajatteluuni 1.1.3 Somaattiset menetelm\u00e4t 1.1.4 Improvisaation ja koreografian suhde 1.2 Kiinnostus tutkimukseen 1.2.1 Tutkimuksen l\u00e4ht\u00f6kohdat ja eteneminen 1.2.2 Tutkimuksen taiteelliset ty\u00f6t 1.2.3 Suhteeni tanssin tutkimukseen 2\u00a0ALEXANDER-TEKNIIKKA 2.1 F. Matthias Alexander 2.1.1 Lapsuus ja nuoruus 2.1.2 Tutkimus 2.1.3 Ura 2.1.4 Opettajankoulutus [&#8230;]<\/p>\n","protected":false},"author":2,"featured_media":0,"parent":0,"menu_order":5,"comment_status":"closed","ping_status":"closed","template":"","meta":[],"_links":{"self":[{"href":"https:\/\/actascenica.teak.fi\/lahdenpera_soile\/wp-json\/wp\/v2\/pages\/491"}],"collection":[{"href":"https:\/\/actascenica.teak.fi\/lahdenpera_soile\/wp-json\/wp\/v2\/pages"}],"about":[{"href":"https:\/\/actascenica.teak.fi\/lahdenpera_soile\/wp-json\/wp\/v2\/types\/page"}],"author":[{"embeddable":true,"href":"https:\/\/actascenica.teak.fi\/lahdenpera_soile\/wp-json\/wp\/v2\/users\/2"}],"replies":[{"embeddable":true,"href":"https:\/\/actascenica.teak.fi\/lahdenpera_soile\/wp-json\/wp\/v2\/comments?post=491"}],"version-history":[{"count":22,"href":"https:\/\/actascenica.teak.fi\/lahdenpera_soile\/wp-json\/wp\/v2\/pages\/491\/revisions"}],"predecessor-version":[{"id":1183,"href":"https:\/\/actascenica.teak.fi\/lahdenpera_soile\/wp-json\/wp\/v2\/pages\/491\/revisions\/1183"}],"wp:attachment":[{"href":"https:\/\/actascenica.teak.fi\/lahdenpera_soile\/wp-json\/wp\/v2\/media?parent=491"}],"curies":[{"name":"wp","href":"https:\/\/api.w.org\/{rel}","templated":true}]}}