{"id":556,"date":"2013-05-21T12:25:39","date_gmt":"2013-05-21T09:25:39","guid":{"rendered":"http:\/\/www.verkkovaikkari.com\/lahdenpera_soile\/?page_id=556"},"modified":"2017-07-04T17:31:09","modified_gmt":"2017-07-04T14:31:09","slug":"3-taiteelliset-tyot","status":"publish","type":"page","link":"https:\/\/actascenica.teak.fi\/lahdenpera_soile\/taiteelliset-tyot\/3-taiteelliset-tyot\/","title":{"rendered":"<em>3<\/em> Taiteelliset ty\u00f6t"},"content":{"rendered":"<p>Esittelen jokaisen tutkimukseni taiteellisen ty&ouml;n omassa alaluvussaan. Tutkimuskysymykset (katso <a title=\"2.1.1 Lapsuus ja nuoruus\" href=\"https:\/\/actascenica.teak.fi\/lahdenpera_soile\/?page_id=255\">1.2.1<\/a>) ovat olleet pohjana prosessien avaamisessa ja johtaneet my&ouml;s siihen, ett&auml; tarkastelen jokaisen projektin kohdalla samankaltaisia aiheita koreografian rakentumisesta ja Alexander-tekniikan soveltamisesta siihen. Lukija, joka k&auml;y l&auml;pi koko tutkimukseni kirjallisen selvityksen, kohtaa n&auml;in jonkin verran toistoa. Siksi n&auml;in, ett&auml; olen halunnut olla mahdollisimman informatiivinen my&ouml;s sille lukijalle, joka tutustuu vain yhteen taiteelliseen projektiin. Esiintyjien &auml;&auml;ni p&auml;&auml;see my&ouml;s n&auml;kyviin niiden kahden ty&ouml;n kohdalla, joiden yhteydess&auml; ker&auml;sin esiintyjien kokemuksista palautetta. N&auml;m&auml; ovat <em>Hetken koreografiaa<\/em> ja <em>Myrskyn ja my&ouml;t&auml;tuulen terraario<\/em>. P&auml;&auml;huomioni on kuitenkin toisessa luvussa kuvaamani Alexander-tekniikan ajattelun v&auml;litt&auml;misess&auml; ja soveltamisessa, jota olen koreografina tutkimuksessani l&auml;htenyt ty&ouml;st&auml;m&auml;&auml;n. Toisena t&auml;rke&auml;n&auml; tarkastelun kohteena on ollut dialogisuuden toteutuminen ty&ouml;ryhm&auml;n kesken.<\/p>\n<p>Tutkimukseni julkaiseminen verkkomuodossa on mahdollistanut prosessin aikana ker&auml;&auml;m&auml;ni videoaineiston tuomisen lukijan katsottavaksi. Harjoituksissa kuvattu videomateriaali lomittuu tekstin kanssa ja tulee esiin kunkin koreografian rakentumista tarkastelevissa alaluvuissa. T&auml;st&auml; poikkeuksena on sovitukseni Deborah Hayn koreografiasta <em>The Ridge<\/em>. Siit&auml; katsottavana ovat vain esitystaltioinnit kahdesta erilaisesta esityspaikasta kuvattuna. Olen liitt&auml;nyt ne, kuten my&ouml;s esitystaltioinnin <em>Aavasta<\/em>, n&auml;iden prosessien arvioinnin yhteyteen. <em>Hetken koreografiaa<\/em> -projektin kahdesta esitysperiodista olen tuonut tekstin tueksi otteita, eik&auml; niist&auml; ole yhten&auml;isi&auml; esitystaltiointeja johtuen niiden tapahtumallisesta luonteesta kuvataiden&auml;yttelyjen yhteydess&auml;. Tutkimuksen viimeisen tarkastetun taiteellisen ty&ouml;n, <em>Terraarion<\/em>, esitystaltioinnit ovat alaluvun <a title=\"3.4.5 Terraario esityksen&auml;\" href=\"https:\/\/actascenica.teak.fi\/lahdenpera_soile\/?p=60\">3.4.5<\/a> lopussa. Lis&auml;ksi loppuluvussa on tarkastettujen taiteellisten t&ouml;iden j&auml;lkeen syntyneen <em>Dr&oacute;mos &ndash; liikkeen j&auml;lki<\/em> -esityksen taltiointi. Projekti toimi tutkimuksen menetelmi&auml; koettelevana yhteenvetona tutkimukselle.<\/p>","protected":false},"excerpt":{"rendered":"<p>Esittelen jokaisen tutkimukseni taiteellisen ty\u00f6n omassa alaluvussaan. Tutkimuskysymykset (katso 1.2.1) ovat olleet pohjana prosessien avaamisessa ja johtaneet my\u00f6s siihen, ett\u00e4 tarkastelen jokaisen projektin kohdalla samankaltaisia aiheita koreografian rakentumisesta ja Alexander-tekniikan soveltamisesta siihen. Lukija, joka k\u00e4y l\u00e4pi koko tutkimukseni kirjallisen selvityksen, kohtaa n\u00e4in jonkin verran toistoa. Siksi n\u00e4in, ett\u00e4 olen halunnut olla mahdollisimman informatiivinen my\u00f6s sille [&#8230;]<\/p>\n","protected":false},"author":2,"featured_media":0,"parent":17,"menu_order":1,"comment_status":"closed","ping_status":"closed","template":"","meta":[],"_links":{"self":[{"href":"https:\/\/actascenica.teak.fi\/lahdenpera_soile\/wp-json\/wp\/v2\/pages\/556"}],"collection":[{"href":"https:\/\/actascenica.teak.fi\/lahdenpera_soile\/wp-json\/wp\/v2\/pages"}],"about":[{"href":"https:\/\/actascenica.teak.fi\/lahdenpera_soile\/wp-json\/wp\/v2\/types\/page"}],"author":[{"embeddable":true,"href":"https:\/\/actascenica.teak.fi\/lahdenpera_soile\/wp-json\/wp\/v2\/users\/2"}],"replies":[{"embeddable":true,"href":"https:\/\/actascenica.teak.fi\/lahdenpera_soile\/wp-json\/wp\/v2\/comments?post=556"}],"version-history":[{"count":6,"href":"https:\/\/actascenica.teak.fi\/lahdenpera_soile\/wp-json\/wp\/v2\/pages\/556\/revisions"}],"predecessor-version":[{"id":1849,"href":"https:\/\/actascenica.teak.fi\/lahdenpera_soile\/wp-json\/wp\/v2\/pages\/556\/revisions\/1849"}],"up":[{"embeddable":true,"href":"https:\/\/actascenica.teak.fi\/lahdenpera_soile\/wp-json\/wp\/v2\/pages\/17"}],"wp:attachment":[{"href":"https:\/\/actascenica.teak.fi\/lahdenpera_soile\/wp-json\/wp\/v2\/media?parent=556"}],"curies":[{"name":"wp","href":"https:\/\/api.w.org\/{rel}","templated":true}]}}