{"id":570,"date":"2013-05-21T14:29:27","date_gmt":"2013-05-21T11:29:27","guid":{"rendered":"http:\/\/www.verkkovaikkari.com\/lahdenpera_soile\/?page_id=570"},"modified":"2017-07-04T17:14:16","modified_gmt":"2017-07-04T14:14:16","slug":"1-johdanto","status":"publish","type":"page","link":"https:\/\/actascenica.teak.fi\/lahdenpera_soile\/1-johdanto\/","title":{"rendered":"<em>1<\/em> Johdanto"},"content":{"rendered":"<p>Taideyliopiston Teatterikorkeakoulussa tekem&auml;ss&auml;ni taiteellisessa tutkimuksessa <em>Muutoksen tilassa &ndash; Alexander-tekniikka koreografisen prosessin osana<\/em> yhdistyv&auml;t kolme ammatillista aluettani: ty&ouml;ni koreografina, Alexander-tekniikan opettajana ja tanssijana. L&auml;ht&ouml;kohtana on halu oppia, tutkia ja kehitt&auml;&auml; koreografisia menetelmi&auml;ni k&auml;yt&auml;nn&ouml;llisen taiteellisen ty&ouml;skentelyn kautta. Tutkimuksessa integroin Alexander-tekniikan osaksi koreografista prosessia. Teatterikorkeakoulun Esitt&auml;vien taiteiden tutkimuskeskuksessa<span class=\"alaviite\"><a class=\"glossaryLink cmtt_Alaviite\"  aria-describedby=\"tt\"  data-cmtooltip=\"&lt;div class=glossaryItemBody&gt;Esitt&auml;vien taiteiden tutkimuskeskus aloitti toimintansa vuonna 2008 ja sit&auml; ennen jatko-opiskelijat kuuluivat alansa laitoksen opiskelijoihin. Oma jatko-opiskeluni alkoi vuonna 2003 tanssitaiteen laitoksen opiskelijana.&lt;\/div&gt;\"  href=\"https:\/\/actascenica.teak.fi\/lahdenpera_soile\/glossary\/1-2\/\"  data-mobile-support=\"0\"  data-gt-translate-attributes='[{\"attribute\":\"data-cmtooltip\", \"format\":\"html\"}]' tabindex='0' role='link'>(1)<\/a><\/span> harjoitettava taiteellinen tutkimus on tarjonnut hyv&auml;n mahdollisuuden tarkastella lis&auml;&auml; koreografin ty&ouml;ss&auml; havaitsemaani Alexander-tekniikan potentiaalia tulla sovelletuksi tanssin tekemisess&auml;. Olen tehnyt tutkimustani ennen kaikkea koreografin n&auml;k&ouml;kulmasta, mutta hy&ouml;dynn&auml;n siin&auml; my&ouml;s tanssijan ty&ouml;n kokemustani.<\/p>\n<p>Tutkimus sis&auml;lt&auml;&auml; kolme koreografista projektia: <em>Aava<\/em>, <em>Hetken koreografiaa<\/em> sek&auml; <em>Myrskyn ja my&ouml;t&auml;tuulen terraario<\/em>. Niiden lis&auml;ksi pohdin kokemuksiani tanssijanty&ouml;st&auml; amerikkalaisen koreografin Deborah Hayn sooloteoksessa <em>The Ridge<\/em>. Tutkimukseni kirjallinen osa on k&auml;yt&auml;nt&ouml;l&auml;ht&ouml;inen prosessikuvaus, ja sen muoto on verkkojulkaisu.<\/p>\n<p>Ensimm&auml;inen luku on johdanto, jossa esittelen tutkimuksen taustan ja tarkoituksen. Avaan aluksi amerikkalaisen modernin ja postmodernin tanssin perinteest&auml; syntynytt&auml; kokemusmaastoa, jota tanssiurallani on kertynyt ja josta taiteellinen ty&ouml;skentelyni ja ajatteluni kumpuaa. Lis&auml;ksi tuon esille kokemuksia Alexander-tekniikan vaikutuksesta tanssiajatteluuni ennen 1990-luvun alussa Englannissa suorittamaani kolmivuotista Alexander-tekniikan opettajankoulutusta ja sen j&auml;lkeen. N&auml;ist&auml; elementeist&auml; kehittyy tutkimukseni viitekehys, jota vasten peilaan muiden tanssintekij&ouml;iden tutkimuksia ja kirjoituksia. Johdannon loppuosassa teen lyhyen katsauksen tutkimuksen motiiveihin ja etenemiseen sek&auml; tarkennan tutkimuskysymykseni ja esittelen tutkimukseni taiteelliset ty&ouml;t.<\/p>\n<p>Kirjallisen osan toisessa luvussa avaan Alexander-tekniikan historiaa ja k&auml;sitteit&auml;. Kirjoitan melko seikkaper&auml;isesti F. Matthias Alexanderin taustasta ja niist&auml; tekij&ouml;ist&auml;, joiden pohjalta h&auml;nen nime&auml;&auml;n kantava tekniikka on saanut alkunsa. Koen t&auml;m&auml;n t&auml;rke&auml;ksi taustaksi menetelm&auml;n kehityksen ymm&auml;rt&auml;miseksi. Alexanderin lapsuuden ja nuoruuden kokemuksilla oli vaikutuksensa h&auml;nen sinnikk&auml;&auml;seen tutkimukselliseen toimintaansa omien &auml;&auml;nenk&auml;yt&ouml;n ongelmiensa ratkaisemisessa. Tekniikan perusk&auml;sitteiden avaamisen lis&auml;ksi luon katsauksen menetelm&auml;n soveltamiseen tanssin alalla sek&auml; siit&auml; kirjoitettuun tutkimukseen.<\/p>\n<p>Kolmannessa luvussa, raportin p&auml;&auml;osassa, k&auml;sittelen taiteellisten t&ouml;iden prosesseja. Tarkastelen niit&auml; tutkimuskysymysten kautta ja pyrin avaamaan koreografin ty&ouml;t&auml;ni ja sen muutosta lukijalle. Tekstin tukena k&auml;yt&auml;n harjoituksista kuvattua videomateriaalia. Prosessikuvauksissa Alexander-tekniikan esiin tuomisessa on jonkin verran toistoa, sill&auml; olen halunnut taata lukijalle mahdollisuuden tutustua my&ouml;s vain yksitt&auml;iseen teosprosessiin. Esitystaltioinnit on liitetty kunkin projektin yhteyteen. <em>Aava<\/em> ja <em>The Ridge<\/em> -teosten yhteydess&auml; ne ovat prosessien arviointia k&auml;sitteleviss&auml; alaluvuissa (<a title=\"3.1.4 Arviointi Aavan prosessista\" href=\"https:\/\/actascenica.teak.fi\/lahdenpera_soile\/?p=37\">3.1.4<\/a> ja <a title=\"3.2.6 Arviointi The Ridge -koreografian sovittamisprosessista ja esitt&auml;misest&auml;\" href=\"https:\/\/actascenica.teak.fi\/lahdenpera_soile\/?p=96\">3.2.6<\/a>). <em>Hetken koreografiaa<\/em> ja <em>Myrskyn ja my&ouml;t&auml;tuulen terraario<\/em> -prosesseissa ne ovat teosten esitysten tarkastelun yhteydess&auml; (<a title=\"3.3.4 Esityksist&auml; ja harjoitusmenetelmien vaikutuksista niihin\" href=\"https:\/\/actascenica.teak.fi\/lahdenpera_soile\/?p=78\">3.3.4<\/a> ja <a title=\"3.4.5 Terraario esityksen&auml;\" href=\"https:\/\/actascenica.teak.fi\/lahdenpera_soile\/?p=60\">3.4.5<\/a>).<\/p>\n<p>Nelj&auml;nness&auml; luvussa kokoan tutkimuksen l&ouml;yd&ouml;ksi&auml;. Pohdin koreografin asenteessani tapahtunutta muutosta ja kokoan tutkimuskysymysten kautta syntyneit&auml; oivalluksia. Liit&auml;n mukaan my&ouml;s tutkimukseni aikana syntyneiden menetelmien koettelemiseksi luodun teoksen <em>Dr&oacute;mos &ndash; liikkeen j&auml;lki<\/em>. En l&auml;hde avaamaan tai tarkastelemaan sit&auml; kuten muita tutkimusprosessin taiteellisia t&ouml;it&auml;, vaan j&auml;t&auml;n sen lukijan katsottavaksi sellaisenaan.<\/p>\n<p>Tutkimuksen l&auml;hdekirjallisuus on p&auml;&auml;asiassa englanninkielist&auml;. Olen j&auml;tt&auml;nyt pidemm&auml;t lainaukset alkuper&auml;iskielelle, mutta niiden aiheet avautuvat kappaleissa, joihin ne liittyv&auml;t. Lyhyet suorat lainaukset olen k&auml;&auml;nt&auml;nyt suomen kielelle ja liitt&auml;nyt alkuper&auml;istekstin viitteeseen.<\/p>\n<div class=\"viitteet\">1)&nbsp;Esitt&auml;vien taiteiden tutkimuskeskus aloitti toimintansa vuonna 2008 ja sit&auml; ennen jatko-opiskelijat kuuluivat alansa laitoksen opiskelijoihin. Oma jatko-opiskeluni alkoi vuonna 2003 tanssitaiteen laitoksen opiskelijana.<\/div>","protected":false},"excerpt":{"rendered":"<p>Taideyliopiston Teatterikorkeakoulussa tekem\u00e4ss\u00e4ni taiteellisessa tutkimuksessa Muutoksen tilassa \u2013 Alexander-tekniikka koreografisen prosessin osana yhdistyv\u00e4t kolme ammatillista aluettani: ty\u00f6ni koreografina, Alexander-tekniikan opettajana ja tanssijana. L\u00e4ht\u00f6kohtana on halu oppia, tutkia ja kehitt\u00e4\u00e4 koreografisia menetelmi\u00e4ni k\u00e4yt\u00e4nn\u00f6llisen taiteellisen ty\u00f6skentelyn kautta. Tutkimuksessa integroin Alexander-tekniikan osaksi koreografista prosessia. Teatterikorkeakoulun Esitt\u00e4vien taiteiden tutkimuskeskuksessa(1) harjoitettava taiteellinen tutkimus on tarjonnut hyv\u00e4n mahdollisuuden tarkastella lis\u00e4\u00e4 koreografin [&#8230;]<\/p>\n","protected":false},"author":2,"featured_media":0,"parent":0,"menu_order":1,"comment_status":"closed","ping_status":"closed","template":"","meta":[],"_links":{"self":[{"href":"https:\/\/actascenica.teak.fi\/lahdenpera_soile\/wp-json\/wp\/v2\/pages\/570"}],"collection":[{"href":"https:\/\/actascenica.teak.fi\/lahdenpera_soile\/wp-json\/wp\/v2\/pages"}],"about":[{"href":"https:\/\/actascenica.teak.fi\/lahdenpera_soile\/wp-json\/wp\/v2\/types\/page"}],"author":[{"embeddable":true,"href":"https:\/\/actascenica.teak.fi\/lahdenpera_soile\/wp-json\/wp\/v2\/users\/2"}],"replies":[{"embeddable":true,"href":"https:\/\/actascenica.teak.fi\/lahdenpera_soile\/wp-json\/wp\/v2\/comments?post=570"}],"version-history":[{"count":13,"href":"https:\/\/actascenica.teak.fi\/lahdenpera_soile\/wp-json\/wp\/v2\/pages\/570\/revisions"}],"predecessor-version":[{"id":1843,"href":"https:\/\/actascenica.teak.fi\/lahdenpera_soile\/wp-json\/wp\/v2\/pages\/570\/revisions\/1843"}],"wp:attachment":[{"href":"https:\/\/actascenica.teak.fi\/lahdenpera_soile\/wp-json\/wp\/v2\/media?parent=570"}],"curies":[{"name":"wp","href":"https:\/\/api.w.org\/{rel}","templated":true}]}}