{"id":635,"date":"2013-05-21T21:31:13","date_gmt":"2013-05-21T18:31:13","guid":{"rendered":"http:\/\/www.verkkovaikkari.com\/lahdenpera_soile\/?page_id=635"},"modified":"2017-07-04T17:13:31","modified_gmt":"2017-07-04T14:13:31","slug":"4-2-muutoksia-koreografin-asenteessani","status":"publish","type":"page","link":"https:\/\/actascenica.teak.fi\/lahdenpera_soile\/4-2-muutoksia-koreografin-asenteessani\/","title":{"rendered":"<em>4.2<\/em> Muutoksia koreografin asenteessani"},"content":{"rendered":"<p>Tohtorintutkintoni taitteellisissa t&ouml;iss&auml; on projektien edetess&auml; tapahtunut menetelm&auml;llist&auml; syvenemist&auml; improvisaation suuntaan. Koreografiani kasvoivat tutkimusprosessin aikana kohti esityksen hetkess&auml; koreografioimista. Kiinnostukseni improvisaatiota kohtaan ja Alexander-tekniikassa korostuva nyt-hetkess&auml; oleminen veiv&auml;t ty&ouml;ni kauemmas perinteisest&auml; koreografin ty&ouml;tavasta liikemateriaalin m&auml;&auml;ritt&auml;j&auml;n&auml;. Muutokseen oli t&auml;rke&auml;n&auml; tekij&auml;n&auml; my&ouml;s tanssijanty&ouml;t&auml; reflektoiva sooloprojekti Deborah Hayn kanssa.<\/p>\n<p>Hayn koreografian sovittaminen ja h&auml;nen ty&ouml;tapaansa tutustuminen vahvistivat niit&auml; koreografian tekemisen tapoja, joita olin opiskellut 1980-luvulla Amsterdamin Teatterikoulun modernin tanssin osastolla. T&auml;&auml;ll&auml; suomalaisessa tanssimaastossa olin ollut arka todella etenem&auml;&auml;n itse&auml;ni innostaneella linjalla, antamaan tanssijoiden vapaammin vaikuttaa koreografian rakentumiseen ja kulkuun. Hayn sooloteokset ovat toisaalta koreografioita eritt&auml;in perinteisess&auml; mieless&auml;, sill&auml; niill&auml; on tarkka k&auml;sikirjoitus ja toisaalta taas eritt&auml;in poikkeuksellisia suhteessa koreografian ty&ouml;n perinteeseen. Tapa, jolla Hay j&auml;tt&auml;&auml; koreografiansa sovittamisen ja tulkinnan esiintyj&auml;lle, on erityinen. H&auml;n luottaa esiintyj&auml;n omatoimiseen ty&ouml;h&ouml;n, eik&auml; halua kontrolloida antamansa koreografisen materiaalin k&auml;ytt&ouml;&auml;.<\/p>\n<p>Hayn ty&ouml;tapa her&auml;tti syv&auml;llisen pohdinnan omasta k&auml;sityksest&auml;ni koreografin ty&ouml;st&auml;. Ennen sit&auml; olin tehnyt ensimm&auml;isen tutkimukseni ty&ouml;n, <em>Aavan<\/em>. Siin&auml; oli mukana yksi minun liikemateriaalini kautta syntynyt osa ja muutoin koreografia tehtiin antamieni teht&auml;vien kautta syntyneest&auml; liikemateriaalista, jota ohjasin haluamaani suuntaan. Tein my&ouml;s teoksen rakenteen ja m&auml;&auml;ritin liikkeen kvaliteettien suunnan. Siin&auml; projektissa olin selke&auml;sti koreografi. Suomussalmiryhm&auml;n kanssa ty&ouml;skennelless&auml;ni oma haasteeni oli improvisaatiomenetelmien laajentaminen haluamaani suuntaan ja se, millaisen roolin otin ty&ouml;ryhm&auml;n vet&auml;j&auml;n&auml;. T&auml;m&auml; <em>Hetken koreografiaa<\/em> -projekti oli kaksiosainen, ja sen ensimm&auml;inen vaihe oli ennen ty&ouml;skentely&auml;ni Hayn kanssa. Ty&ouml;n ensimm&auml;inen esitysjakso noudatti ryhm&auml;lle tuttua improvisaatioesityksen rakennetta, joka oli tilallinen esityskulun m&auml;&auml;ritt&auml;minen. Harjoitusjakso oli ryhm&auml;lle poikkeuksellisen pitk&auml;, ja olin tuonut mukaan Alexander-tekniikan lis&auml;ksi kontakti- ja tilaimprovisaation harjoitteita. Olin ty&ouml;ryhm&auml;n kokoaja ja harjoitustilanteiden ohjaaja. Projektin toisessa vaiheessa otin vahvemman koreografisen otteen ja m&auml;&auml;ritin esityksille kolme osaa, joista kahdessa oli my&ouml;s melko tarkka liikkeellinen teema. Osien tilank&auml;ytt&ouml; oli my&ouml;s asettamani. Tein n&auml;m&auml; valinnat ja p&auml;&auml;t&ouml;kset keskustellen ryhm&auml;n kanssa, mutta ne olivat selke&auml;sti minun p&auml;&auml;t&ouml;ksi&auml;ni. Tutkimuksen viimeisess&auml; ty&ouml;ss&auml;, <em>Terraariossa<\/em>, sain riitt&auml;v&auml;n pitk&auml;n harjoitusajan ja ty&ouml;menetelmien kehittymisen kautta improvisaation ja koreografian teon yhdistym&auml;&auml;n tanssijoiden esityshetkess&auml; koreografioimaksi teokseksi. Vaikka esitystilanne ei kulkenut valitsemaani reitti&auml;, koen silti vahvasti olleeni teoksen koreografi, koska olin harjoitusten ohjaajana tuonut asenteeni ja harjoitusmateriaalin tilanteeseen. Harjoitusprosessin kuluessa olimme yhteisesti tanssijoiden kanssa l&ouml;yt&auml;neet suunnan, johon teosta kuljetimme. N&auml;iden prosessien kautta koreografioiminen on muuttunut antamani liikemateriaalin ty&ouml;st&auml;misest&auml; yhdess&auml; luomiseksi. Muutos koreografin asenteessani on tapahtunut Butterworthin didaktinen&ndash;demokraattinen-mallin kautta katsottuna teoksen tekij&auml;st&auml; (author) yhdess&auml; toimijaksi (collaborator) ja tanssijan rooli on muuttunut tulkitsijasta (interpreter) yhteisomistajaksi (co-owner) (<a class=\"glossaryLink cmtt_L&auml;hteet\" aria-describedby=\"tt\" data-cmtooltip=\"&lt;div class=glossaryItemBody&gt;Butterworth, Jo. 2009. &rdquo;Too many cooks? A framework for dance making and devising.&rdquo; In Jo Butterworth and Liesbeth Wildschut. (ed.). &amp;lt;em&amp;gt;Contemporary Choreography: A critical reader.&amp;lt;\/em&amp;gt; Oxon, UK: Routledge, 177&ndash;194.&lt;\/div&gt;\" href=\"https:\/\/actascenica.teak.fi\/lahdenpera_soile\/glossary\/butterworth-2009\/\" data-mobile-support=\"0\" data-gt-translate-attributes='[{\"attribute\":\"data-cmtooltip\", \"format\":\"html\"}]' tabindex=\"0\" role=\"link\">Butterworth 2009<\/a>, 187).<\/p>","protected":false},"excerpt":{"rendered":"<p>Tohtorintutkintoni taitteellisissa t\u00f6iss\u00e4 on projektien edetess\u00e4 tapahtunut menetelm\u00e4llist\u00e4 syvenemist\u00e4 improvisaation suuntaan. Koreografiani kasvoivat tutkimusprosessin aikana kohti esityksen hetkess\u00e4 koreografioimista. Kiinnostukseni improvisaatiota kohtaan ja Alexander-tekniikassa korostuva nyt-hetkess\u00e4 oleminen veiv\u00e4t ty\u00f6ni kauemmas perinteisest\u00e4 koreografin ty\u00f6tavasta liikemateriaalin m\u00e4\u00e4ritt\u00e4j\u00e4n\u00e4. Muutokseen oli t\u00e4rke\u00e4n\u00e4 tekij\u00e4n\u00e4 my\u00f6s tanssijanty\u00f6t\u00e4 reflektoiva sooloprojekti Deborah Hayn kanssa. Hayn koreografian sovittaminen ja h\u00e4nen ty\u00f6tapaansa tutustuminen vahvistivat niit\u00e4 [&#8230;]<\/p>\n","protected":false},"author":2,"featured_media":0,"parent":0,"menu_order":0,"comment_status":"closed","ping_status":"closed","template":"","meta":[],"_links":{"self":[{"href":"https:\/\/actascenica.teak.fi\/lahdenpera_soile\/wp-json\/wp\/v2\/pages\/635"}],"collection":[{"href":"https:\/\/actascenica.teak.fi\/lahdenpera_soile\/wp-json\/wp\/v2\/pages"}],"about":[{"href":"https:\/\/actascenica.teak.fi\/lahdenpera_soile\/wp-json\/wp\/v2\/types\/page"}],"author":[{"embeddable":true,"href":"https:\/\/actascenica.teak.fi\/lahdenpera_soile\/wp-json\/wp\/v2\/users\/2"}],"replies":[{"embeddable":true,"href":"https:\/\/actascenica.teak.fi\/lahdenpera_soile\/wp-json\/wp\/v2\/comments?post=635"}],"version-history":[{"count":7,"href":"https:\/\/actascenica.teak.fi\/lahdenpera_soile\/wp-json\/wp\/v2\/pages\/635\/revisions"}],"predecessor-version":[{"id":1839,"href":"https:\/\/actascenica.teak.fi\/lahdenpera_soile\/wp-json\/wp\/v2\/pages\/635\/revisions\/1839"}],"wp:attachment":[{"href":"https:\/\/actascenica.teak.fi\/lahdenpera_soile\/wp-json\/wp\/v2\/media?parent=635"}],"curies":[{"name":"wp","href":"https:\/\/api.w.org\/{rel}","templated":true}]}}