{"id":638,"date":"2013-05-21T21:33:57","date_gmt":"2013-05-21T18:33:57","guid":{"rendered":"http:\/\/www.verkkovaikkari.com\/lahdenpera_soile\/?page_id=638"},"modified":"2017-07-04T17:13:41","modified_gmt":"2017-07-04T14:13:41","slug":"4-3-tutkimusprosessin-synnyttamia-vahvistuksia-ja-loydoksia","status":"publish","type":"page","link":"https:\/\/actascenica.teak.fi\/lahdenpera_soile\/4-3-tutkimusprosessin-synnyttamia-vahvistuksia-ja-loydoksia\/","title":{"rendered":"<em>4.3<\/em> Tutkimusprosessin synnytt\u00e4mi\u00e4 vahvistuksia ja l\u00f6yd\u00f6ksi\u00e4"},"content":{"rendered":"<p>Tutkimuksen kuluessa ovat improvisaatioesitykseen ja koreografian valmistamiseen k&auml;ytt&auml;m&auml;ni menetelm&auml;t muodostuneet melko samankaltaisiksi. K&auml;yt&auml;n p&auml;&auml;asiassa apuna Alexander-tekniikkaa, jonka avulla on mahdollista lis&auml;t&auml; tietoisuutta reaktioista ja kasvattaa valinnanvapautta, sek&auml; kontakti-improvisaatiota, jonka harjoituksilla voidaan herkist&auml;&auml; kehoa ja mielt&auml; kommunikaatioon toisen tanssijan kanssa. T&auml;rkein&auml; elementtein&auml; pid&auml;n my&ouml;s liikelaatuun ja tilaan liittyvi&auml; harjoituksia, jotka lis&auml;&auml;v&auml;t esiintyj&auml;n kyky&auml; lukea esitystilan ja tilanteen tarjoamia mahdollisuuksia. Harjoitustilanteen improvisaatiorakenteilla luodaan turvalliset rajat antautua spontaanille reagoimiselle. Tietoisuus itsen k&auml;yt&ouml;st&auml; on t&auml;rke&auml;&auml; improvisaatiossa, jotta kommunikointi toisten esiintyjien kanssa toimii. (Ks. esim. <a title=\"3.4.3 Harjoitteleminen kohti tuntematonta eli muutoksen tilassa oleminen\" href=\"https:\/\/actascenica.teak.fi\/lahdenpera_soile\/?p=64\">3.4.3<\/a> ja <a title=\"3.4.4 Tanssijan suhde tilaan ja rakenteen muodostuminen\" href=\"https:\/\/actascenica.teak.fi\/lahdenpera_soile\/?p=62\">3.4.4<\/a>)<\/p>\n<p>Tiedostamis- ja havaintokyvyn vahvistaminen on minulle yksi t&auml;rkeimmist&auml; teht&auml;vist&auml; koreografiaa luodessani. Improvisoidessa ja hetkess&auml; koreografioidessa tarvitaan spontaania reagointikyky&auml;. Minulle se tarkoittaa sit&auml;, ett&auml; tanssijan tietoisuus ja havaintokyky ovat mahdollisimman herkkin&auml; tiedostamaan tilanteessa tapahtuvaa, niin omaa kuin muidenkin toimintaa. Spontaanius merkitsee minulle tietoista itsen k&auml;ytt&ouml;&auml;. Valinnat tapahtuvat sekunnin murto-osissa ennalta herkistetyn itsetuntemuksen mahdollistamana. Alexander-tekniikan avulla voidaan itsen k&auml;ytt&ouml;&auml; harjoittaa herk&auml;ksi toimimaan vapaana ylim&auml;&auml;r&auml;isest&auml; j&auml;nnityksest&auml; ja ennakko-odotuksista, jotka h&auml;iritsev&auml;t tilanteen lukemista ja tunnistamista, niin suhteessa itseen kuin muiden kanssa toimimiseen.<\/p>\n<p>Teht&auml;v&auml;t ja improvisaatiorakenteet ovat, ohjeiltaan tarkkoina tai avoimempina, se apukeino, jolla tekij&ouml;iden omaa luomiskyky&auml; kasvatetaan. Harjoitettaessa erilaisia teht&auml;vi&auml; luodaan mahdollisuusvalikkoa ja luottamusta improvisaatiotilanteen lukemiselle. Teht&auml;v&auml;t voivat liitty&auml; tilaan, aikaan, omaan itseen ja toisen kanssa toimimiseen. Tiukimmillaan ne voivat rajata toiminnan mahdollisuuksia eritt&auml;in pitk&auml;lle ja avoimimmillaan olla l&auml;hinn&auml; suuntaa n&auml;ytt&auml;vi&auml;. Improvisaatiorakenteita harjoitettaessa luodaan mahdollisuuksia asettaa itselle tai koko tekij&auml;kollektiiville rajauksia, jotka selkeytt&auml;v&auml;t ja j&auml;sent&auml;v&auml;t tekemist&auml;. Rakenteilla voidaan luoda esitykselle koreografia.<\/p>\n<p>Keskittymiskyvyn ja l&auml;sn&auml;olon herkist&auml;minen on j&auml;lleen yksi esiintyj&auml;n peruspilareita. Keskittymisell&auml; tarkoitan improvisaation yhteydess&auml; kyky&auml; olla kuuntelevana ja herkk&auml;n&auml; havainnoimaan tilanteessa esiin tulevat elementit ja tapahtumat. Keskittymisen herpaantuessa menee ohi mahdollisuuksia osallistua kulloinkin tapahtuvaan tilanteeseen. L&auml;sn&auml;olo kommunikoi muiden tilanteessa olevien kanssa. Se on minulle sis&auml;&auml;np&auml;in k&auml;&auml;ntyneisyyden vastakohta.<\/p>\n<p>Avoimuus itse&auml;, omia valintoja ja toisten reaktioita kohtaan on harjoiteltavissa oleva taito. Itsen kokonaisuuden avoimena olo tarkoittaa minulle psykofyysisen kokonaisuuden avoimuutta. Se on rohkeutta j&auml;tt&auml;yty&auml; hetken varaan suunnittelematta ennalta tulevaa hetke&auml;. Suhteessa toiseen se merkitsee herkkyytt&auml; vastata spontaanisti toisen tekoihin ja tarjottuihin impulsseihin.<\/p>\n<p>Esiintyj&auml;lle on t&auml;rke&auml;&auml; etsi&auml; niit&auml; henkil&ouml;kohtaisia menetelmi&auml;, joilla saa itsens&auml; havainnoivaan ja tiedostavaan tilaan, josta k&auml;sin voi olla herkk&auml; ja aistiva tekojensa ja valintojensa suhteen. Koska olemme erilaisia, tarvitsemme omanlaisiamme keinoja valmistautuessamme improvisaatioon tai hetkess&auml; koreografioimiseen. Yhdelle se voi olla seikkaper&auml;inen fyysinen l&auml;mmittely, jossa jokainen kehon osa ja alue tulee l&auml;mmitetyksi. Toiselle se voi olla mielen keskitt&auml;minen meditatiivisin keinoin. Joillekin on riitt&auml;v&auml;&auml; nyt-hetkeen saapumista paikalle tuleminen. T&auml;rke&auml;&auml; on oppia tunnistamaan se, mik&auml; itselle parhaiten toimii juuri nyt.<\/p>\n<p>Improvisaatiossa tai hetkess&auml; koreografioidessa tarvitaan kokonaisvaltaista tilan, ajan ja tapahtuvan toiminnan havainnointia \/ rekister&ouml;inti&auml;, jotta voidaan tuoda oma teko mahdollisimman kirkkaana tilanteeseen. Yksi t&auml;rke&auml; harjoittelun kohde on kyky lukea tilannetta niin, ett&auml; on spontaani ja avoin kuulemaan ja aistimaan my&ouml;s toisten valintoja.<\/p>\n<p>Oleellista on harjoittaa rohkeutta ottaa k&auml;ytt&ouml;&ouml;n mik&auml; tahansa aikaisemmin opittu ja hyv&auml;ksi havaittu tekemisen tapa, pelk&auml;&auml;m&auml;tt&auml; kliseit&auml; tai toistamista. Improvisaatiossa tai hetkess&auml; koreografioidessa tulee helposti se harha, ett&auml; on tuotettava koko ajan uutta. T&auml;rke&auml;mp&auml;&auml; kuin uuden keksiminen on se, ett&auml; kykenee suhtautumaan jokaiseen hetkeen uutena, ennen kokemattomana. T&auml;llainen nyt-hetkess&auml; oleminen antaa mahdollisuuden ottaa k&auml;ytt&ouml;&ouml;n mit&auml; tahansa materiaalia, oli se aiemmin k&auml;ytetty&auml; tai ensikertaista, sill&auml; juuri nyt se on ainutlaatuisesti olemassa.<\/p>\n<p>Riskinottokyky ja avoimuus ovat ehdottoman t&auml;rkeit&auml; elementtej&auml; esiintyj&auml;lle improvisaatiossa tai hetkess&auml; koreografioidessa. Esiintyj&auml;n on antauduttava pelk&auml;&auml;m&auml;tt&auml; kohtaamaan itsens&auml; niin erehtyv&auml;n&auml; ja h&auml;pe&auml;v&auml;n&auml; kuin iloitsevana ja rakastavanakin tai mink&auml; tahansa muun tunteen kanssa.<\/p>\n<p>N&auml;m&auml; edell&auml; mainitut tekij&auml;t nousivat itselleni ensisijaisiksi koreografian ty&ouml;st&auml;misen l&auml;ht&ouml;kohdiksi. Tiivistettyn&auml; voin sanoa, ett&auml; tutkimukseni kiteytyi Terraarion esityksiin. Siin&auml; yhteinen prosessi johti jatkuvaan l&auml;sn&auml;oloon kannustavaan esiintyj&auml;n taiteeseen.<\/p>","protected":false},"excerpt":{"rendered":"<p>Tutkimuksen kuluessa ovat improvisaatioesitykseen ja koreografian valmistamiseen k\u00e4ytt\u00e4m\u00e4ni menetelm\u00e4t muodostuneet melko samankaltaisiksi. K\u00e4yt\u00e4n p\u00e4\u00e4asiassa apuna Alexander-tekniikkaa, jonka avulla on mahdollista lis\u00e4t\u00e4 tietoisuutta reaktioista ja kasvattaa valinnanvapautta, sek\u00e4 kontakti-improvisaatiota, jonka harjoituksilla voidaan herkist\u00e4\u00e4 kehoa ja mielt\u00e4 kommunikaatioon toisen tanssijan kanssa. T\u00e4rkein\u00e4 elementtein\u00e4 pid\u00e4n my\u00f6s liikelaatuun ja tilaan liittyvi\u00e4 harjoituksia, jotka lis\u00e4\u00e4v\u00e4t esiintyj\u00e4n kyky\u00e4 lukea esitystilan ja [&#8230;]<\/p>\n","protected":false},"author":2,"featured_media":0,"parent":0,"menu_order":0,"comment_status":"closed","ping_status":"closed","template":"","meta":[],"_links":{"self":[{"href":"https:\/\/actascenica.teak.fi\/lahdenpera_soile\/wp-json\/wp\/v2\/pages\/638"}],"collection":[{"href":"https:\/\/actascenica.teak.fi\/lahdenpera_soile\/wp-json\/wp\/v2\/pages"}],"about":[{"href":"https:\/\/actascenica.teak.fi\/lahdenpera_soile\/wp-json\/wp\/v2\/types\/page"}],"author":[{"embeddable":true,"href":"https:\/\/actascenica.teak.fi\/lahdenpera_soile\/wp-json\/wp\/v2\/users\/2"}],"replies":[{"embeddable":true,"href":"https:\/\/actascenica.teak.fi\/lahdenpera_soile\/wp-json\/wp\/v2\/comments?post=638"}],"version-history":[{"count":7,"href":"https:\/\/actascenica.teak.fi\/lahdenpera_soile\/wp-json\/wp\/v2\/pages\/638\/revisions"}],"predecessor-version":[{"id":1840,"href":"https:\/\/actascenica.teak.fi\/lahdenpera_soile\/wp-json\/wp\/v2\/pages\/638\/revisions\/1840"}],"wp:attachment":[{"href":"https:\/\/actascenica.teak.fi\/lahdenpera_soile\/wp-json\/wp\/v2\/media?parent=638"}],"curies":[{"name":"wp","href":"https:\/\/api.w.org\/{rel}","templated":true}]}}